{"id":4023,"date":"2025-05-01T21:30:54","date_gmt":"2025-05-01T19:30:54","guid":{"rendered":"https:\/\/exxotest.com\/test-diagnostics-and-download-solutions\/"},"modified":"2025-09-08T17:06:10","modified_gmt":"2025-09-08T15:06:10","slug":"test-diagnostics-and-download-solutions","status":"publish","type":"page","link":"https:\/\/exxotest.com\/en\/test-diagnostics-and-download-solutions\/","title":{"rendered":"Test, diagnostics and download solutions"},"content":{"rendered":"<div class=\"GutText  GutContainer\">\n    <div class=\"GutText-inner\">\n                                    <div class=\"GutText-wysiwyg Content\">\n                <p><strong>Since the early 1990s, ANNECY ELECTRONIQUE has been developing and marketing tools for automotive maintenance workshops under its Exxotest\u00ae brand.<\/strong><\/p>\n<p><strong>With the application of multiplexing to motor vehicles, the development of electrical troubleshooting tools rapidly gave way to the development of diagnostic solutions for on-board electronic components and architectures. In 2005, ANNECY ELECTRONIQUE equipped the after-sales network of a road vehicle manufacturer with an electronic diagnostic tool. <\/strong><\/p>\n\n            <\/div>\n            <\/div>\n<\/div>\n\n    <div class=\"GutBanner BgColor BgImage TextDark GutContainer\">\n                    <picture class=\"GutBanner-picture\">\n                <source srcset=\"\/cache\/images\/2894c949e3240c62c853a8e9f6514373\/gutenberg_image_mobile.webp\" media=\"(max-width: 768px)\">\n                <source srcset=\"\/cache\/images\/2894c949e3240c62c853a8e9f6514373\/gutenberg_image_tablette.webp\" media=\"(max-width: 992px)\">\n                <source srcset=\"\/cache\/images\/2894c949e3240c62c853a8e9f6514373\/gutenberg_image_desktop.webp\" media=\"(min-width: 993px)\">\n                <img decoding=\"async\" class=\"GutBanner-img\" src=\"\/cache\/images\/2894c949e3240c62c853a8e9f6514373\/gutenberg_image_desktop.webp\" alt=\"Diagnosing car engine with a laptop\"\/>\n            <\/picture>\n                <div class=\"GutBanner-inner\">\n                            <h2 class=\"GutBanner-teaser1 Content\">\n                     \n                <\/h2>\n                                            <\/div>\n    <\/div>\n\n\n<div class=\"GutText  GutContainer\">\n    <div class=\"GutText-inner\">\n                            <\/div>\n<\/div>\n\n    <div class=\"GutPushArticles BgColor GutContainer\">\n        <div class=\"GutPushArticles-container\">\n                <div class=\"GutTitle Center\">\n                            <h2 class=\"GutTitle-title\">Diagnostic solutions for the aftermarket<\/h2>\n                            <span class=\"GutTitle-subtitle\">We develop the right diagnostic solution for your after-sales network<\/span>\n            <\/div>\n            <div class=\"GutPushArticles-inner \">\n                                    <div class=\"GutPushArticles-container \" >\n                        <div class=\"GutPushArticles-list \">\n                                                            <div class=\"GutPushArticles-wrap \">\n                                                                            <picture class=\"GutPushArticles-picture\">\n                                            <img decoding=\"async\" src=\"\/cache\/images\/69b5954e87f12e3e3c793a4c609d79f1\/gutenberg_image_push_articles.webp\" alt=\"Plateforme de diagnostic OEM\" \/>\n                                        <\/picture>\n                                                                        <div class=\"GutPushArticles-content\">\n                                                                                    <h2 class=\"GutPushArticles-title\">OEM diagnostic platform<\/h2>\n                                                                                                                            <div class=\"GutPushArticles-text Content\">\n                                                The latest generation diagnostic platform, Exxotest\u00ae PFD adapts to the diagnostic and measurement requirements of your vehicles &amp; machines.\n                                            <\/div>\n                                                                                                                            <a class=\"Link-primary\" href=\"https:\/\/exxotest.com\/en\/exxotest-pfd-diagnostic-platform\/\" target=\"_blank\">Discover the PFD platform<\/a>\n                                                                            <\/div>\n                                <\/div>\n                                                            <div class=\"GutPushArticles-wrap \">\n                                                                            <picture class=\"GutPushArticles-picture\">\n                                            <img decoding=\"async\" src=\"\/cache\/images\/fa187c901d38930d451dcc9275d137a8\/gutenberg_image_push_articles.webp\" alt=\"VCI-Muxdiag3\" \/>\n                                        <\/picture>\n                                                                        <div class=\"GutPushArticles-content\">\n                                                                                    <h2 class=\"GutPushArticles-title\">VCI-Muxdiag3 communication interface<\/h2>\n                                                                                                                            <div class=\"GutPushArticles-text Content\">\n                                                Combined with your diagnostic application, Exxotest\u00ae VCI-Muxdiag3 supports all diagnostic protocols.\n                                            <\/div>\n                                                                                                                            <a class=\"Link-primary\" href=\"https:\/\/exxotest.com\/en\/produit\/compact-usb-interface-can-fd-can-hs-can-ls-automotive-ethernet-lin-k-l\/\" target=\"_blank\">Discover the VCI-Muxdiag3 interface<\/a>\n                                                                            <\/div>\n                                <\/div>\n                                                    <\/div>\n                                            <\/div>\n                                                <\/div>\n                    <\/div>\n    <\/div>\n\n\n<div class=\"GutText  GutContainer\">\n    <div class=\"GutText-inner\">\n                            <\/div>\n<\/div>\n\n    <div class=\"GutPushArticles BgColor GutContainer\">\n        <div class=\"GutPushArticles-container\">\n                <div class=\"GutTitle Center\">\n                            <h2 class=\"GutTitle-title\">Test and download facilities in production<\/h2>\n                            <span class=\"GutTitle-subtitle\">We develop your line-side test and download facilities<\/span>\n            <\/div>\n            <div class=\"GutPushArticles-inner \">\n                                    <div class=\"GutPushArticles-container \" >\n                        <div class=\"GutPushArticles-list \">\n                                                            <div class=\"GutPushArticles-wrap \">\n                                                                            <picture class=\"GutPushArticles-picture\">\n                                            <img decoding=\"async\" src=\"\/cache\/images\/9787327a95c30ea41acaa6e95e2d9bac\/gutenberg_image_push_articles.webp\" alt=\"Poste de t\u00e9l\u00e9chargement Flashing Station\" \/>\n                                        <\/picture>\n                                                                        <div class=\"GutPushArticles-content\">\n                                                                                    <h2 class=\"GutPushArticles-title\">Download Flashing Station<\/h2>\n                                                                                                                            <div class=\"GutPushArticles-text Content\">\n                                                The Flashing Station application combined with the PRG-UNIT-Muxdiag3 ruggedized communication interface meets the requirements of production download operations&#8230;\n                                            <\/div>\n                                                                                                                            <a class=\"Link-primary\" href=\"https:\/\/exxotest.com\/en\/produit\/exxotest-flashing-station-the-line-side-download-solution\/\" target=\"_blank\">Discover Flashing station<\/a>\n                                                                            <\/div>\n                                <\/div>\n                                                            <div class=\"GutPushArticles-wrap \">\n                                                                            <picture class=\"GutPushArticles-picture\">\n                                            <img decoding=\"async\" src=\"\/cache\/images\/ac3ad3956bba162a705d9f02b1b1860e\/gutenberg_image_push_articles.webp\" alt=\"Banc de t\u00e9l\u00e9chargement calculateurs t\u00e9l\u00e9matique\" \/>\n                                        <\/picture>\n                                                                        <div class=\"GutPushArticles-content\">\n                                                                                    <h2 class=\"GutPushArticles-title\">Telematics ECU download bench<\/h2>\n                                                                                                                            <div class=\"GutPushArticles-text Content\">\n                                                Integration of VCI-Muxdiag3 interfaces in a test bench for downloading and updating telematics ECUs\n                                            <\/div>\n                                                                                                                            <a class=\"Link-primary\" href=\"https:\/\/exxotest.com\/en\/vci-muxdiag3-use-case\/\" >VCI-Muxdiag3 use case<\/a>\n                                                                            <\/div>\n                                <\/div>\n                                                    <\/div>\n                                            <\/div>\n                                                <\/div>\n                    <\/div>\n    <\/div>\n\n\n<div class=\"GutText  GutContainer\">\n    <div class=\"GutText-inner\">\n                            <\/div>\n<\/div>","protected":false},"excerpt":{"rendered":"","protected":false},"author":3,"featured_media":0,"parent":0,"menu_order":0,"comment_status":"closed","ping_status":"closed","template":"","meta":{"_acf_changed":false,"inline_featured_image":false,"footnotes":""},"class_list":["post-4023","page","type-page","status-publish","hentry"],"acf":[],"_links":{"self":[{"href":"https:\/\/exxotest.com\/en\/wp-json\/wp\/v2\/pages\/4023","targetHints":{"allow":["GET"]}}],"collection":[{"href":"https:\/\/exxotest.com\/en\/wp-json\/wp\/v2\/pages"}],"about":[{"href":"https:\/\/exxotest.com\/en\/wp-json\/wp\/v2\/types\/page"}],"author":[{"embeddable":true,"href":"https:\/\/exxotest.com\/en\/wp-json\/wp\/v2\/users\/3"}],"replies":[{"embeddable":true,"href":"https:\/\/exxotest.com\/en\/wp-json\/wp\/v2\/comments?post=4023"}],"version-history":[{"count":9,"href":"https:\/\/exxotest.com\/en\/wp-json\/wp\/v2\/pages\/4023\/revisions"}],"predecessor-version":[{"id":5525,"href":"https:\/\/exxotest.com\/en\/wp-json\/wp\/v2\/pages\/4023\/revisions\/5525"}],"wp:attachment":[{"href":"https:\/\/exxotest.com\/en\/wp-json\/wp\/v2\/media?parent=4023"}],"curies":[{"name":"wp","href":"https:\/\/api.w.org\/{rel}","templated":true}]}}