{"id":3961,"date":"2025-05-04T22:16:14","date_gmt":"2025-05-04T20:16:14","guid":{"rendered":"https:\/\/exxotest.com\/quienes-somos\/"},"modified":"2025-09-08T17:57:24","modified_gmt":"2025-09-08T15:57:24","slug":"quienes-somos","status":"publish","type":"page","link":"https:\/\/exxotest.com\/es\/quienes-somos\/","title":{"rendered":"Qui\u00e9nes somos"},"content":{"rendered":"<div class=\"GutText  GutContainer\">\n    <div class=\"GutText-inner\">\n                                    <div class=\"GutText-wysiwyg Content\">\n                <p class=\"p1\"><img decoding=\"async\" class=\"size-medium wp-image-2197 aligncenter\" src=\"https:\/\/exxotest.altimax-dev.com\/content\/uploads\/2025\/05\/AE_Logo-22-11-02-300x57.jpg\" alt=\"\" width=\"300\" height=\"57\" srcset=\"https:\/\/exxotest.com\/content\/uploads\/2025\/05\/AE_Logo-22-11-02-300x57.jpg 300w, https:\/\/exxotest.com\/content\/uploads\/2025\/05\/AE_Logo-22-11-02-1024x193.jpg 1024w, https:\/\/exxotest.com\/content\/uploads\/2025\/05\/AE_Logo-22-11-02-768x145.jpg 768w, https:\/\/exxotest.com\/content\/uploads\/2025\/05\/AE_Logo-22-11-02.jpg 1088w\" sizes=\"(max-width: 300px) 100vw, 300px\" \/><\/p>\n<p>&nbsp;<\/p>\n<p class=\"p1\">Desde hace m\u00e1s de 25 a\u00f1os, <strong> <span class=\"s1\">ANNECY \u00c9LECTRONIQUE<\/span><\/strong> dise\u00f1a, desarrolla, produce y comercializa soluciones tecnol\u00f3gicas innovadoras para acompa\u00f1ar todo el ciclo de vida de los veh\u00edculos y m\u00e1quinas m\u00f3viles, en todos sus entornos.<\/p>\n<p class=\"p1\"><strong>Creadores de la marca<\/strong> <span class=\"s1\"><b>marca Exxotest<\/b><\/span>somos un socio de referencia para <span class=\"s1\"><b>fabricantes<\/b><\/span>, <span class=\"s1\"><b>fabricantes de equipos<\/b><\/span>, <span class=\"s1\"><b>redes de mantenimiento,<\/b><\/span> <span class=\"s1\"><b>organismos e instituciones de formaci\u00f3n<\/b><\/span>en Francia y en el extranjero.<\/p>\n<p class=\"p1\"><span class=\"s1\"><strong>Nuestra misi\u00f3n<\/strong> es ofrecer<\/span>una gama de <strong>productos y servicios innovadores<\/strong> que cubran todas las fases del ciclo de vida de los sistemas de control, regulaci\u00f3n y servocontrol para veh\u00edculos y maquinaria m\u00f3vil:<\/p>\n<p>&nbsp;<\/p>\n<h6 class=\"p1\" style=\"text-align: center;\"><strong>  Dise\u00f1o &#8211; Optimizaci\u00f3n &#8211; Cualificaci\u00f3n &#8211; Diagn\u00f3stico y mantenimiento &#8211; Formaci\u00f3n<\/strong><\/h6>\n<p>&nbsp;<\/p>\n\n            <\/div>\n            <\/div>\n<\/div>    <div class=\"GutCol2 BgColor GutContainer\">\n        <div class=\"GutCol2-container Variable right\">\n\n            \n                                                                                                                                                            <div class=\"GutCol2-wrap GutCol2-blocImage Left\">\n                                <picture class=\"GutCol2-picture\">\n                                    <img decoding=\"async\" src=\"\/cache\/images\/0d6d1fa6ba7359b55544915a1880c773\/gutenberg_image_2col_cuadrado.webp\"\n                                         alt=\"appareil de diagnostic automobile professionnel\"\/>\n                                <\/picture>\n                                                            <\/div>\n                                                                                                                                    <div class=\"GutCol2-wrap GutCol2-blocTexte Right\">\n                            <div class=\"GutCol2-blocTexte--inner\">\n                                                                        <div class=\"GutTitle Left\">\n                            <h2 class=\"GutTitle-title\">Nuestras \u00e1reas de especializaci\u00f3n<\/h2>\n                    <\/div>\n                                                                                                                                    <div class=\"GutCol2-text Content\">\n                                        <ul>\n<li>\n<p class=\"p1\"><b>An\u00e1lisis de las redes de comunicaci\u00f3n a bordo<\/b><b><\/b><\/p>\n<p class=\"p2\">Experiencia de vanguardia en el desarrollo, validaci\u00f3n, producci\u00f3n e integraci\u00f3n de sistemas de comunicaci\u00f3n integrados.<\/p>\n<\/li>\n<li>\n<p class=\"p1\"><b>Diagn\u00f3stico y medici\u00f3n<\/b><b><\/b><\/p>\n<p class=\"p2\">Herramientas s\u00f3lidas e intuitivas para las redes de posventa de automoci\u00f3n, motocicletas, veh\u00edculos pesados, agricultura y especialistas.<\/p>\n<\/li>\n<li>\n<p class=\"p1\"><b>Material did\u00e1ctico<\/b><b><\/b><\/p>\n<p class=\"p2\">Bancos did\u00e1cticos y ayudas a la formaci\u00f3n dise\u00f1ados para desarrollar competencias t\u00e9cnicas en las tecnolog\u00edas de veh\u00edculos y maquinaria m\u00f3vil de hoy y de ma\u00f1ana.<\/p>\n<\/li>\n<\/ul>\n\n                                    <\/div>\n                                                            <\/div>\n                        <\/div>\n                                                        <\/div>\n    <\/div>\n    <div class=\"GutCol2 BgColor GutContainer\">\n        <div class=\"GutCol2-container Variable left\">\n\n            \n                                                                                                                                <div class=\"GutCol2-wrap GutCol2-blocTexte Left\">\n                            <div class=\"GutCol2-blocTexte--inner\">\n                                                                        <div class=\"GutTitle Left\">\n                            <h2 class=\"GutTitle-title\">Una visi\u00f3n industrial a escala humana<\/h2>\n                    <\/div>\n                                                                                                                                    <div class=\"GutCol2-text Content\">\n                                        <p class=\"p1\"><strong>Empresa certificada ISO9001 e ISO14001<\/strong> con sede en Annecy (Francia), situamos la agilidad, la proximidad y el compromiso con el cliente en el centro de nuestras operaciones. Gracias a nuestro equipo multidisciplinar, combinamos <span class=\"s1\"><b>rigor industrial<\/b><\/span> y <span class=\"s1\"><b>esp\u00edritu innovador<\/b><\/span> para llevar a buen puerto proyectos ambiciosos, respetando las normas m\u00e1s exigentes. <\/p>\n<p>Contamos con<strong> una reconocida experiencia<\/strong> en electr\u00f3nica, inform\u00e1tica e ingenier\u00eda mec\u00e1nica. Gracias a unos recursos de dise\u00f1o, m\u00e9todos y producci\u00f3n amplios y constantemente actualizados, podemos ofrecer soluciones innovadoras y de alto rendimiento totalmente adaptadas a sus necesidades. <\/p>\n<p>Creemos en la tecnolog\u00eda \u00fatil, accesible e instructiva. Cada d\u00eda innovamos junto a nuestros clientes para construir soluciones sostenibles e inteligentes acordes con los retos de la movilidad conectada, hipocarb\u00f3nica e inteligente. <\/p>\n<p><strong><span class=\"s1\">Nuestros valores: innovaci\u00f3n, codesarrollo, versatilidad y ecorresponsabilidad.<\/span><\/strong><\/p>\n\n                                    <\/div>\n                                                            <\/div>\n                        <\/div>\n                                                                                                                                        <div class=\"GutCol2-wrap GutCol2-blocImage Right\">\n                                <picture class=\"GutCol2-picture\">\n                                    <img decoding=\"async\" src=\"\/cache\/images\/2d39a38480906b8f43c478b8d5eb29e3\/gutenberg_image_2col_cuadrado.webp\"\n                                         alt=\"exxotest ing\u00e9nierie, diagnostic et formation \"\/>\n                                <\/picture>\n                                                            <\/div>\n                                                                                <\/div>\n    <\/div>\n    <div class=\"GutCol2 BgColor GutContainer\">\n        <div class=\"GutCol2-container Variable right\">\n\n            \n                                                                                                                                                            <div class=\"GutCol2-wrap GutCol2-blocImage Left\">\n                                <picture class=\"GutCol2-picture\">\n                                    <img decoding=\"async\" src=\"\/cache\/images\/6a99c575ab87f8c7d1ed1e52e7e349ce\/gutenberg_image_2col_cuadrado.webp\"\n                                         alt=\"exxotest \"\/>\n                                <\/picture>\n                                                            <\/div>\n                                                                                                                                    <div class=\"GutCol2-wrap GutCol2-blocTexte Right\">\n                            <div class=\"GutCol2-blocTexte--inner\">\n                                                                        <div class=\"GutTitle Left\">\n                            <h2 class=\"GutTitle-title\">Nuestra marca, Exxotest<\/h2>\n                    <\/div>\n                                                                                                                                    <div class=\"GutCol2-text Content\">\n                                        <p class=\"p1\">Desde 1989, la marca <span class=\"s1\"><b>marca Exxotest<\/b><\/span> es sin\u00f3nimo de fiabilidad, competencia t\u00e9cnica y esp\u00edritu de servicio. Hoy en d\u00eda, constituye la base de nuestra oferta, que se divide en 3 \u00e1reas de actividad complementarias: <\/p>\n<ul>\n<li>\n<p class=\"p1\">Herramientas de an\u00e1lisis para redes de comunicaci\u00f3n a bordo<\/p>\n<\/li>\n<li>\n<p class=\"p1\">Herramientas de diagn\u00f3stico y medici\u00f3n<\/p>\n<\/li>\n<li>\n<p class=\"p1\">Soluciones educativas &#8211; Mantenimiento de veh\u00edculos y equipos<\/p>\n<\/li>\n<\/ul>\n\n                                    <\/div>\n                                                            <\/div>\n                        <\/div>\n                                                        <\/div>\n    <\/div>\n    <div class=\"GutCol2 BgColor GutContainer\">\n        <div class=\"GutCol2-container Variable left\">\n\n            \n                                                                                                                                <div class=\"GutCol2-wrap GutCol2-blocTexte Left\">\n                            <div class=\"GutCol2-blocTexte--inner\">\n                                                                        <div class=\"GutTitle Left\">\n                            <h2 class=\"GutTitle-title\">Una fuerza colectiva, el Grupo ASCOTRONICS<\/h2>\n                    <\/div>\n                                                                                                    <div class=\"GutCol2-intro\">Desde 2015, ANNECY \u00c9LECTRONIQUE forma parte del Grupo ASCOTRONICS, formado a partir de una fusi\u00f3n estrat\u00e9gica con ASCOREL, tambi\u00e9n experto en sistemas electr\u00f3nicos embebidos de alto valor a\u00f1adido.<\/div>\n                                                                                                    <div class=\"GutCol2-text Content\">\n                                        <p class=\"p1\">Formar parte de un s\u00f3lido grupo industrial con m\u00e1s de 100 empleados significa que podemos aunar nuestras competencias, acelerar la innovaci\u00f3n y ampliar nuestro campo de acci\u00f3n.<\/p>\n<p class=\"p1\">Refuerza nuestra capacidad para gestionar proyectos complejos, garantizar una continuidad industrial fiable y ofrecer soluciones cada vez m\u00e1s eficaces a nuestros clientes.<\/p>\n<p style=\"text-align: center;\"><a class=\"Button-secondary\" title=\"Visite el sitio web de ASCOREL\" href=\"https:\/\/www.ascorel.com\" target=\"_blank\" rel=\"noopener\">Visite el sitio web de ASCOREL<\/a><\/p>\n\n                                    <\/div>\n                                                            <\/div>\n                        <\/div>\n                                                                                                                                        <div class=\"GutCol2-wrap GutCol2-blocImage Right\">\n                                <picture class=\"GutCol2-picture\">\n                                    <img decoding=\"async\" src=\"\/cache\/images\/f63b339073864e3be6721a662861ed13\/gutenberg_image_2col_cuadrado.webp\"\n                                         alt=\"Logos groupe Ascotronics\"\/>\n                                <\/picture>\n                                                            <\/div>\n                                                                                <\/div>\n    <\/div>\n<div class=\"GutText  GutContainer\">\n    <div class=\"GutText-inner\">\n                            <\/div>\n<\/div><div class=\"GutText BgColor GutContainer\">\n    <div class=\"GutText-inner\">\n            <div class=\"GutTitle Izquierda\">\n                            <h2 class=\"GutTitle-title\">Nuestros conocimientos t\u00e9cnicos<\/h2>\n                    <\/div>\n                            <div class=\"GutText-wysiwyg Content\">\n                <h5>Electr\u00f3nica<\/h5>\n<ul>\n<li>Desarrollo de placas electr\u00f3nicas complejas<\/li>\n<li>Digital: SoC, ATMEL, Microchip, IMX, STMx, Texas MSP, Renesas, NXP, Arduino ESP, etc.<\/li>\n<li>Anal\u00f3gico: Adquisici\u00f3n, sensores y procesamiento<\/li>\n<li>Comunicaci\u00f3n: CAN (LS, HS, FD), Ethernet, Wifi, BLE, SPI, I2C<\/li>\n<li>Placas de circuito impreso multicapa, componentes SMD y pasantes<\/li>\n<li>Herramientas: Cadstar, Altium, LT Spice<\/li>\n<\/ul>\n<p>&nbsp;<\/p>\n<h5>Software embarcado y no embarcado<\/h5>\n<ul>\n<li>Sistemas operativos Linux, Windows y QNX<\/li>\n<li>Aplicaciones integradas y en tiempo real, controladores, HAL, &#8230;<\/li>\n<li>Aplicaci\u00f3n web, framework Angular, Node.js, HTML, CSS, JS, PHP<\/li>\n<li>Lenguajes C, C++, Qt, Java, Python, .Net, Ensambladores, UML, SysML<\/li>\n<li>Integraci\u00f3n continua y pruebas autom\u00e1ticas JENKINS, GITLAB CI\/CD<\/li>\n<\/ul>\n<p>&nbsp;<\/p>\n<h5>Protocolos<\/h5>\n<ul>\n<li>Wifi, Ethernet, TCP\/IP, UDP, Bluetooth y BLE<\/li>\n<li>CAN, CANOpen, LIN, J1939, DoCAN, DoK-Line, DoIP, KWP2000, UDS, etc&#8230;<\/li>\n<\/ul>\n<p>&nbsp;<\/p>\n<h5>Ingenier\u00eda mec\u00e1nica<\/h5>\n<ul>\n<li>Dise\u00f1o mec\u00e1nico e integraci\u00f3n,<\/li>\n<li>Prototipos e impresi\u00f3n 3D<\/li>\n<li>Herramientas: Solidworks<\/li>\n<\/ul>\n<p>&nbsp;<\/p>\n<h5>Normas<\/h5>\n<ul>\n<li>ISO9001 &amp; ISO14001<\/li>\n<li>CE, seguridad el\u00e9ctrica IEC\/EN 62368, ROHS, REACH, Directiva sobre m\u00e1quinas,<\/li>\n<li>CEM EN 301489, EN 55032, EN 55035, Radio EN 300328, CEM EN 62479<\/li>\n<\/ul>\n<p>&nbsp;<\/p>\n\n            <\/div>\n            <\/div>\n<\/div>","protected":false},"excerpt":{"rendered":"","protected":false},"author":1,"featured_media":0,"parent":0,"menu_order":0,"comment_status":"closed","ping_status":"closed","template":"","meta":{"_acf_changed":false,"inline_featured_image":false,"footnotes":""},"class_list":["post-3961","page","type-page","status-publish","hentry"],"acf":[],"_links":{"self":[{"href":"https:\/\/exxotest.com\/es\/wp-json\/wp\/v2\/pages\/3961","targetHints":{"allow":["GET"]}}],"collection":[{"href":"https:\/\/exxotest.com\/es\/wp-json\/wp\/v2\/pages"}],"about":[{"href":"https:\/\/exxotest.com\/es\/wp-json\/wp\/v2\/types\/page"}],"author":[{"embeddable":true,"href":"https:\/\/exxotest.com\/es\/wp-json\/wp\/v2\/users\/1"}],"replies":[{"embeddable":true,"href":"https:\/\/exxotest.com\/es\/wp-json\/wp\/v2\/comments?post=3961"}],"version-history":[{"count":4,"href":"https:\/\/exxotest.com\/es\/wp-json\/wp\/v2\/pages\/3961\/revisions"}],"predecessor-version":[{"id":5620,"href":"https:\/\/exxotest.com\/es\/wp-json\/wp\/v2\/pages\/3961\/revisions\/5620"}],"wp:attachment":[{"href":"https:\/\/exxotest.com\/es\/wp-json\/wp\/v2\/media?parent=3961"}],"curies":[{"name":"wp","href":"https:\/\/api.w.org\/{rel}","templated":true}]}}