{"id":3970,"date":"2025-05-01T21:30:54","date_gmt":"2025-05-01T19:30:54","guid":{"rendered":"https:\/\/exxotest.com\/soluciones-de-prueba-diagnostico-y-descarga\/"},"modified":"2025-11-07T10:49:17","modified_gmt":"2025-11-07T09:49:17","slug":"soluciones-de-prueba-diagnostico-y-descarga","status":"publish","type":"page","link":"https:\/\/exxotest.com\/es\/soluciones-de-prueba-diagnostico-y-descarga\/","title":{"rendered":"Soluciones de prueba, diagn\u00f3stico y descarga"},"content":{"rendered":"<div class=\"GutText  GutContainer\">\n    <div class=\"GutText-inner\">\n                                    <div class=\"GutText-wysiwyg Content\">\n                <p><strong>Desde principios de los a\u00f1os 90, ANNECY ELECTRONIQUE desarrolla y comercializa herramientas para talleres de mantenimiento de veh\u00edculos bajo su marca Exxotest\u00ae.<\/strong><\/p>\n<p><strong>Con la aplicaci\u00f3n de la multiplexaci\u00f3n a los veh\u00edculos de motor, el desarrollo de herramientas de ayuda a la localizaci\u00f3n de aver\u00edas el\u00e9ctricas dio paso r\u00e1pidamente al desarrollo de soluciones de diagn\u00f3stico de componentes y arquitecturas electr\u00f3nicas de a bordo. En 2005, ANNECY ELECTRONIQUE equip\u00f3 a la red posventa de un fabricante de veh\u00edculos de carretera con una herramienta de diagn\u00f3stico electr\u00f3nico. <\/strong><\/p>\n\n            <\/div>\n            <\/div>\n<\/div>\n\n    <div class=\"GutBanner BgColor BgImage TextOscuro GutContainer\">\n                    <picture class=\"GutBanner-picture\">\n                <source srcset=\"\/cache\/images\/2894c949e3240c62c853a8e9f6514373\/gutenberg_image_mobile.webp\" media=\"(max-width: 768px)\">\n                <source srcset=\"\/cache\/images\/2894c949e3240c62c853a8e9f6514373\/gutenberg_image_tablette.webp\" media=\"(max-width: 992px)\">\n                <source srcset=\"\/cache\/images\/2894c949e3240c62c853a8e9f6514373\/gutenberg_image_desktop.webp\" media=\"(min-width: 993px)\">\n                <img decoding=\"async\" class=\"GutBanner-img\" src=\"\/cache\/images\/2894c949e3240c62c853a8e9f6514373\/gutenberg_image_desktop.webp\" alt=\"Diagnosing car engine with a laptop\"\/>\n            <\/picture>\n                <div class=\"GutBanner-inner\">\n                            <h2 class=\"GutBanner-teaser1 Content\">\n                     \n                <\/h2>\n                                            <\/div>\n    <\/div>\n\n\n<div class=\"GutText  GutContainer\">\n    <div class=\"GutText-inner\">\n                            <\/div>\n<\/div>\n\n    <div class=\"GutPushArticles BgColor GutContainer\">\n        <div class=\"GutPushArticles-container\">\n                <div class=\"GutTitle Left\">\n                            <h2 class=\"GutTitle-title\">Soluciones de diagn\u00f3stico para el mercado posventa<\/h2>\n                            <span class=\"GutTitle-subtitle\">Desarrollamos la soluci\u00f3n de diagn\u00f3stico adecuada para su red posventa<\/span>\n            <\/div>\n            <div class=\"GutPushArticles-inner \">\n                                    <div class=\"GutPushArticles-container \" >\n                        <div class=\"GutPushArticles-list \">\n                                                            <div class=\"GutPushArticles-wrap \">\n                                                                            <picture class=\"GutPushArticles-picture\">\n                                            <img decoding=\"async\" src=\"\/cache\/images\/69b5954e87f12e3e3c793a4c609d79f1\/gutenberg_image_push_articles.webp\" alt=\"Plateforme de diagnostic OEM\" \/>\n                                        <\/picture>\n                                                                        <div class=\"GutPushArticles-content\">\n                                                                                    <h2 class=\"GutPushArticles-title\">Plataforma de diagn\u00f3stico OEM<\/h2>\n                                                                                                                            <div class=\"GutPushArticles-text Content\">\n                                                Plataforma de diagn\u00f3stico de \u00faltima generaci\u00f3n, Exxotest\u00ae PFD se adapta a las necesidades de diagn\u00f3stico y medici\u00f3n de sus veh\u00edculos y maquinaria.\n                                            <\/div>\n                                                                                                                            <a class=\"Link-primary\" href=\"https:\/\/exxotest.com\/es\/plataforma-de-diagnostico-exxotest-pfd\/\" target=\"_blank\">Descubra la plataforma PFD<\/a>\n                                                                            <\/div>\n                                <\/div>\n                                                            <div class=\"GutPushArticles-wrap \">\n                                                                            <picture class=\"GutPushArticles-picture\">\n                                            <img decoding=\"async\" src=\"\/cache\/images\/fa187c901d38930d451dcc9275d137a8\/gutenberg_image_push_articles.webp\" alt=\"VCI-Muxdiag3\" \/>\n                                        <\/picture>\n                                                                        <div class=\"GutPushArticles-content\">\n                                                                                    <h2 class=\"GutPushArticles-title\">Interfaz de comunicaci\u00f3n VCI-Muxdiag3<\/h2>\n                                                                                                                            <div class=\"GutPushArticles-text Content\">\n                                                Combinado con su aplicaci\u00f3n de diagn\u00f3stico, Exxotest\u00ae VCI-Muxdiag3 es compatible con todos los protocolos de diagn\u00f3stico.\n                                            <\/div>\n                                                                                                                            <a class=\"Link-primary\" href=\"https:\/\/exxotest.com\/es\/produit\/interfaz-usb-compacta-can-fd-can-hs-can-ls-automotive-ethernet-lin-k-l\/\" target=\"_blank\">Descubra la interfaz VCI-Muxdiag3<\/a>\n                                                                            <\/div>\n                                <\/div>\n                                                    <\/div>\n                                            <\/div>\n                                                <\/div>\n                    <\/div>\n    <\/div>\n\n\n<div class=\"GutText  GutContainer\">\n    <div class=\"GutText-inner\">\n                            <\/div>\n<\/div>\n\n    <div class=\"GutPushArticles BgColor GutContainer\">\n        <div class=\"GutPushArticles-container\">\n                <div class=\"GutTitle Left\">\n                            <h2 class=\"GutTitle-title\">Instalaciones de prueba y descarga en producci\u00f3n<\/h2>\n                            <span class=\"GutTitle-subtitle\">Desarrollamos sus instalaciones de prueba y descarga en l\u00ednea<\/span>\n            <\/div>\n            <div class=\"GutPushArticles-inner \">\n                                    <div class=\"GutPushArticles-container \" >\n                        <div class=\"GutPushArticles-list \">\n                                                            <div class=\"GutPushArticles-wrap \">\n                                                                            <picture class=\"GutPushArticles-picture\">\n                                            <img decoding=\"async\" src=\"\/cache\/images\/9787327a95c30ea41acaa6e95e2d9bac\/gutenberg_image_push_articles.webp\" alt=\"Poste de t\u00e9l\u00e9chargement Flashing Station\" \/>\n                                        <\/picture>\n                                                                        <div class=\"GutPushArticles-content\">\n                                                                                    <h2 class=\"GutPushArticles-title\">Descargar Flashing Station<\/h2>\n                                                                                                                            <div class=\"GutPushArticles-text Content\">\n                                                La aplicaci\u00f3n Flashing Station combinada con la interfaz de comunicaciones robusta PRG-UNIT-Muxdiag3 cumple los requisitos de las operaciones de descarga de producci\u00f3n&#8230;\n                                            <\/div>\n                                                                                                                            <a class=\"Link-primary\" href=\"https:\/\/exxotest.com\/es\/produit\/exxotest-flashing-station-la-solucion-de-descarga-del-lado-de-la-linea\/\" target=\"_blank\">Exxotest\u00ae Flashing Station: la soluci\u00f3n de descarga del lado de la l\u00ednea<\/a>\n                                                                            <\/div>\n                                <\/div>\n                                                            <div class=\"GutPushArticles-wrap \">\n                                                                            <picture class=\"GutPushArticles-picture\">\n                                            <img decoding=\"async\" src=\"\/cache\/images\/ac3ad3956bba162a705d9f02b1b1860e\/gutenberg_image_push_articles.webp\" alt=\"Banc de t\u00e9l\u00e9chargement calculateurs t\u00e9l\u00e9matique\" \/>\n                                        <\/picture>\n                                                                        <div class=\"GutPushArticles-content\">\n                                                                                    <h2 class=\"GutPushArticles-title\">Banco de descarga de ECU telem\u00e1tica<\/h2>\n                                                                                                                            <div class=\"GutPushArticles-text Content\">\n                                                Integraci\u00f3n de interfaces VCI-Muxdiag3 en un banco de pruebas para la descarga y actualizaci\u00f3n de ECU telem\u00e1ticas\n                                            <\/div>\n                                                                                                                            <a class=\"Link-primary\" href=\"https:\/\/exxotest.com\/es\/caso-practico-vci-muxdiag3\/\" target=\"_blank\">Caso pr\u00e1ctico VCI-Muxdiag3<\/a>\n                                                                            <\/div>\n                                <\/div>\n                                                    <\/div>\n                                            <\/div>\n                                                <\/div>\n                    <\/div>\n    <\/div>\n\n\n<div class=\"GutText  GutContainer\">\n    <div class=\"GutText-inner\">\n                            <\/div>\n<\/div>","protected":false},"excerpt":{"rendered":"","protected":false},"author":3,"featured_media":0,"parent":0,"menu_order":0,"comment_status":"closed","ping_status":"closed","template":"","meta":{"_acf_changed":false,"inline_featured_image":false,"footnotes":""},"class_list":["post-3970","page","type-page","status-publish","hentry"],"acf":[],"_links":{"self":[{"href":"https:\/\/exxotest.com\/es\/wp-json\/wp\/v2\/pages\/3970","targetHints":{"allow":["GET"]}}],"collection":[{"href":"https:\/\/exxotest.com\/es\/wp-json\/wp\/v2\/pages"}],"about":[{"href":"https:\/\/exxotest.com\/es\/wp-json\/wp\/v2\/types\/page"}],"author":[{"embeddable":true,"href":"https:\/\/exxotest.com\/es\/wp-json\/wp\/v2\/users\/3"}],"replies":[{"embeddable":true,"href":"https:\/\/exxotest.com\/es\/wp-json\/wp\/v2\/comments?post=3970"}],"version-history":[{"count":10,"href":"https:\/\/exxotest.com\/es\/wp-json\/wp\/v2\/pages\/3970\/revisions"}],"predecessor-version":[{"id":6293,"href":"https:\/\/exxotest.com\/es\/wp-json\/wp\/v2\/pages\/3970\/revisions\/6293"}],"wp:attachment":[{"href":"https:\/\/exxotest.com\/es\/wp-json\/wp\/v2\/media?parent=3970"}],"curies":[{"name":"wp","href":"https:\/\/api.w.org\/{rel}","templated":true}]}}