{"id":3971,"date":"2025-08-26T17:07:11","date_gmt":"2025-08-26T15:07:11","guid":{"rendered":"https:\/\/exxotest.com\/informacion-juridica\/"},"modified":"2025-09-04T15:29:53","modified_gmt":"2025-09-04T13:29:53","slug":"informacion-juridica","status":"publish","type":"page","link":"https:\/\/exxotest.com\/es\/informacion-juridica\/","title":{"rendered":"Informaci\u00f3n jur\u00eddica"},"content":{"rendered":"<div class=\"GutText  GutContainer\">\n    <div class=\"GutText-inner\">\n                                    <div class=\"GutText-wysiwyg Content\">\n                <h5 style=\"text-align: center;\"><strong>Aviso legal y condiciones de uso del sitio web<\/strong><\/h5>\n<p>&nbsp;<\/p>\n<p>La navegaci\u00f3n continuada por este sitio implica la aceptaci\u00f3n sin reservas de las siguientes disposiciones y condiciones de uso.<\/p>\n<p>La versi\u00f3n en l\u00ednea actual de estas condiciones de uso es la \u00fanica versi\u00f3n que puede invocarse durante todo el periodo de uso del sitio y hasta que una nueva versi\u00f3n la sustituya.<\/p>\n<p>&nbsp;<\/p>\n<h5>Art\u00edculo 1 &#8211; Informaci\u00f3n jur\u00eddica<\/h5>\n<p>1.1 Sitio web de Exxotest\u00ae :  <a href=\"http:\/\/www.exxotest.com\">www.exxotest.com<\/a><\/p>\n<p>1.2 Editor (en adelante &#8220;el Editor&#8221;) : ANNECY ELECTRONIQUE, SAS con capital de 600.000 euros, con domicilio social en 1 Rue Callisto, Parc Altais, 74650 CHAVANOD, Francia, RCS Annecy 80 B 243, n\u00famero SIREN 320 140 319, representada por el Sr. Francis LEMAHIEU, en calidad de Presidente.<\/p>\n<p>Tel\u00e9fono: +33 (0)4 50 02 01 01<\/p>\n<p>Direcci\u00f3n de correo electr\u00f3nico: <a href=\"mailto:courrier@exxotest.com\">courrier@exxotest.com<\/a><\/p>\n<p>Director de la publicaci\u00f3n: Ga\u00ebl PERAGOUX<\/p>\n<p>1.3 Dise\u00f1o y producci\u00f3n: ALTIMAX, 17 Rue Uranus, Parc ALtais, 74650 CHAVANOD, Francia<\/p>\n<p>1.4 Anfitri\u00f3n (en lo sucesivo, el &#8220;Anfitri\u00f3n&#8221;): OVH, SAS con capital de 50.000.000 euros, cuyo domicilio social se encuentra en 2 rue Kellermann, 59100 Roubaix, Francia, RCS Lille m\u00e9troppole B 424 761 419, n\u00famero SIREN 424 761 419, representada por el Sr. Benjamin REVCOLEVSCHI en calidad de Presidente,<\/p>\n<p>Tel\u00e9fono: +33(0)9 72 10 10 07<\/p>\n<p>&nbsp;<\/p>\n<h5>Art\u00edculo 2 &#8211; Contenido del sitio<\/h5>\n<p>Todas las marcas, fotograf\u00edas, textos, comentarios, ilustraciones, im\u00e1genes (animadas o no), secuencias de v\u00eddeo, sonidos, as\u00ed como todas las aplicaciones inform\u00e1ticas que puedan utilizarse para el funcionamiento de este sitio y, de forma m\u00e1s general, todos los elementos reproducidos o utilizados en el sitio est\u00e1n protegidos por la legislaci\u00f3n vigente en materia de propiedad intelectual.<\/p>\n<p>Son propiedad plena y entera del editor o de sus socios. Queda terminantemente prohibida toda reproducci\u00f3n, representaci\u00f3n, utilizaci\u00f3n o adaptaci\u00f3n, en cualquier forma, de la totalidad o parte de estos elementos, incluidas las aplicaciones inform\u00e1ticas, sin el consentimiento previo por escrito del editor. El hecho de que el editor no inicie un procedimiento en cuanto tenga conocimiento de dicha utilizaci\u00f3n no autorizada no constituye una aceptaci\u00f3n de dicha utilizaci\u00f3n ni una renuncia a entablar acciones judiciales.  <\/p>\n<p>&nbsp;<\/p>\n<h5>Art\u00edculo 3 &#8211; Gesti\u00f3n del sitio<\/h5>\n<p>Para la correcta gesti\u00f3n del sitio, el editor podr\u00e1 en cualquier momento :<\/p>\n<ul>\n<li>suspender, interrumpir o limitar el acceso a la totalidad o parte del sitio, o restringir el acceso al sitio, o a determinadas partes del mismo, a una categor\u00eda espec\u00edfica de usuarios de Internet;<\/li>\n<li>suprimir cualquier informaci\u00f3n que pueda perturbar su funcionamiento o contravenir las leyes nacionales o internacionales o las normas de Netiquette ;<\/li>\n<li>suspender el sitio para realizar actualizaciones.<\/li>\n<\/ul>\n<p>&nbsp;<\/p>\n<h5>Art\u00edculo 4 &#8211; Responsabilidades<\/h5>\n<p>El editor no podr\u00e1 ser considerado responsable en caso de fallo, aver\u00eda, dificultad o interrupci\u00f3n del funcionamiento que impida el acceso al sitio o a cualquiera de sus funciones.<\/p>\n<p>El equipo que utilice para conectarse al sitio es de su exclusiva responsabilidad. Debe tomar todas las medidas adecuadas para proteger su equipo y sus propios datos, en particular de los ataques virales a trav\u00e9s de Internet. Tambi\u00e9n es usted el \u00fanico responsable de los sitios y datos que consulte.  <\/p>\n<p>El editor no se hace responsable de ninguna acci\u00f3n legal emprendida contra usted:<\/p>\n<ul>\n<li>como resultado de la utilizaci\u00f3n del sitio o de cualquier servicio accesible a trav\u00e9s de Internet;<\/li>\n<li>como consecuencia de su incumplimiento de las presentes condiciones.<\/li>\n<\/ul>\n<p>El editor no se hace responsable de los da\u00f1os causados a usted, a terceros y\/o a su equipo como consecuencia de su conexi\u00f3n o uso del sitio, y usted renuncia a cualquier reclamaci\u00f3n contra \u00e9l a este respecto.<\/p>\n<p>Si el editor es objeto de un procedimiento amistoso o judicial como consecuencia de su uso del sitio, podr\u00e1 emprender acciones contra usted para obtener una indemnizaci\u00f3n por todos los da\u00f1os, sumas, multas y gastos que puedan derivarse de dicho procedimiento.<\/p>\n<p>&nbsp;<\/p>\n<h5>Art\u00edculo 5 &#8211; Enlaces de hipertexto<\/h5>\n<p>Queda terminantemente prohibida la creaci\u00f3n por su parte de enlaces de hipertexto hacia la totalidad o parte del sitio sin la autorizaci\u00f3n previa por escrito del editor, solicitada por correo electr\u00f3nico a la siguiente direcci\u00f3n:  <a href=\"mailto:courrier@exxotest.com\">courrier@exxotest.com<\/a><\/p>\n<p>El editor es libre de denegar esta autorizaci\u00f3n sin tener que justificar en modo alguno su decisi\u00f3n. En caso de que el editor conceda su autorizaci\u00f3n, \u00e9sta ser\u00e1 en todos los casos s\u00f3lo temporal y podr\u00e1 ser retirada en cualquier momento, sin obligaci\u00f3n alguna por parte del editor de justificar su decisi\u00f3n. <\/p>\n<p>En todos los casos, cualquier enlace debe retirarse a simple petici\u00f3n del editor.<\/p>\n<p>Cualquier informaci\u00f3n accesible a trav\u00e9s de un enlace a otros sitios no est\u00e1 bajo el control del editor, que no acepta ninguna responsabilidad por su contenido.<\/p>\n<p>&nbsp;<\/p>\n<h5>Art\u00edculo 6 &#8211; Cookies<\/h5>\n<p>El sitio puede recoger autom\u00e1ticamente informaci\u00f3n est\u00e1ndar. Cualquier informaci\u00f3n recopilada indirectamente s\u00f3lo se utilizar\u00e1 para controlar el volumen, el tipo y el patr\u00f3n de tr\u00e1fico que utiliza este sitio, para desarrollar el dise\u00f1o y la disposici\u00f3n del sitio y para otros fines administrativos y de planificaci\u00f3n y, en general, para mejorar el servicio que le prestamos. <\/p>\n<p>&nbsp;<\/p>\n<h5>Art\u00edculo 7 &#8211; Fotograf\u00edas y representaci\u00f3n de productos<\/h5>\n<p>Las fotograf\u00edas de los productos que acompa\u00f1an a su descripci\u00f3n no son contractuales y no comprometen al editor.<\/p>\n<p>&nbsp;<\/p>\n<h5>Art\u00edculo 8 &#8211; Legislaci\u00f3n aplicable<\/h5>\n<p>Las presentes condiciones de uso del sitio se rigen por la legislaci\u00f3n francesa y est\u00e1n sujetas a la jurisdicci\u00f3n de los tribunales de Annecy (Francia), salvo que un texto legal o reglamentario particular atribuya una jurisdicci\u00f3n espec\u00edfica.<\/p>\n<p>&nbsp;<\/p>\n<h5>Art\u00edculo 9 &#8211; Contacto<\/h5>\n<p>Si tiene alguna pregunta o necesita informaci\u00f3n sobre los productos presentados en el sitio, o sobre el propio sitio, puede dejar un mensaje en la siguiente direcci\u00f3n:  <a href=\"mailto:courrier@exxotest.com\">courrier@exxotest.com<\/a><\/p>\n\n            <\/div>\n            <\/div>\n<\/div>","protected":false},"excerpt":{"rendered":"","protected":false},"author":1,"featured_media":0,"parent":0,"menu_order":0,"comment_status":"closed","ping_status":"closed","template":"","meta":{"_acf_changed":false,"inline_featured_image":false,"footnotes":""},"class_list":["post-3971","page","type-page","status-publish","hentry"],"acf":[],"_links":{"self":[{"href":"https:\/\/exxotest.com\/es\/wp-json\/wp\/v2\/pages\/3971","targetHints":{"allow":["GET"]}}],"collection":[{"href":"https:\/\/exxotest.com\/es\/wp-json\/wp\/v2\/pages"}],"about":[{"href":"https:\/\/exxotest.com\/es\/wp-json\/wp\/v2\/types\/page"}],"author":[{"embeddable":true,"href":"https:\/\/exxotest.com\/es\/wp-json\/wp\/v2\/users\/1"}],"replies":[{"embeddable":true,"href":"https:\/\/exxotest.com\/es\/wp-json\/wp\/v2\/comments?post=3971"}],"version-history":[{"count":2,"href":"https:\/\/exxotest.com\/es\/wp-json\/wp\/v2\/pages\/3971\/revisions"}],"predecessor-version":[{"id":3975,"href":"https:\/\/exxotest.com\/es\/wp-json\/wp\/v2\/pages\/3971\/revisions\/3975"}],"wp:attachment":[{"href":"https:\/\/exxotest.com\/es\/wp-json\/wp\/v2\/media?parent=3971"}],"curies":[{"name":"wp","href":"https:\/\/api.w.org\/{rel}","templated":true}]}}