{"id":3976,"date":"2025-05-01T16:31:37","date_gmt":"2025-05-01T14:31:37","guid":{"rendered":"https:\/\/exxotest.com\/fabricantes-integradores-y-oem\/"},"modified":"2025-09-15T09:49:03","modified_gmt":"2025-09-15T07:49:03","slug":"fabricantes-integradores-y-oem","status":"publish","type":"page","link":"https:\/\/exxotest.com\/es\/fabricantes-integradores-y-oem\/","title":{"rendered":"Fabricantes, integradores y OEM"},"content":{"rendered":"<div class=\"GutText  GutContainer\">\n    <div class=\"GutText-inner\">\n                            <div class=\"GutText-intro Izquierda\">Desde hace m\u00e1s de 25 a\u00f1os, ANNECY ELECTRONIQUE apoya a los fabricantes de veh\u00edculos y maquinaria m\u00f3vil, integradores y proveedores de equipos con una gama de productos y servicios constantemente actualizada, as\u00ed como soluciones personalizadas que responden a las necesidades espec\u00edficas de los fabricantes de equipos originales.<\/div>\n                    <\/div>\n<\/div>    <div class=\"GutCol2 BgColor GutContainer\">\n        <div class=\"GutCol2-container Variable right\">\n\n            \n                                                                                                                                                            <div class=\"GutCol2-wrap GutCol2-blocImage Left\">\n                                <picture class=\"GutCol2-picture\">\n                                    <img decoding=\"async\" src=\"\/cache\/images\/0d6d1fa6ba7359b55544915a1880c773\/gutenberg_image_2col_cuadrado.webp\"\n                                         alt=\"appareil de diagnostic automobile professionnel\"\/>\n                                <\/picture>\n                                                            <\/div>\n                                                                                                                                    <div class=\"GutCol2-wrap GutCol2-blocTexte Right\">\n                            <div class=\"GutCol2-blocTexte--inner\">\n                                                                        <div class=\"GutTitle Left\">\n                            <h2 class=\"GutTitle-title\">Centros t\u00e9cnicos y de pruebas<\/h2>\n                    <\/div>\n                                                                                                    <div class=\"GutCol2-intro\">Con soluciones de hardware y software para la comunicaci\u00f3n, an\u00e1lisis, pruebas y desarrollo de redes de comunicaci\u00f3n a bordo, ANNECY ELECTRONIQUE satisface una amplia gama de necesidades empresariales.<\/div>\n                                                                                                    <div class=\"GutCol2-text Content\">\n                                        <ul>\n<li>Desarrollo de software integrado,<\/li>\n<li>Integraci\u00f3n,<\/li>\n<li>Quemado,<\/li>\n<li>Pruebas en carretera,<\/li>\n<li>Experiencia posventa.<\/li>\n<\/ul>\n<p>&nbsp;<\/p>\n<p><a class=\"Button-secondary\" href=\"https:\/\/exxotest.com\/es\/categorie-produit\/fabricantes-proveedores-de-equipos\/herramientas-de-analisis-para-redes-de-comunicacion-a-bordo\/\" target=\"_blank\" rel=\"noopener\">Herramientas de an\u00e1lisis de redes de comunicaci\u00f3n integradas<\/a>    <a class=\"Button-secondary\" href=\"https:\/\/exxotest.com\/es\/soluciones-de-prueba-diagnostico-y-descarga\/\" target=\"_blank\" rel=\"noopener\">Soluciones OEM<\/a><\/p>\n\n                                    <\/div>\n                                                            <\/div>\n                        <\/div>\n                                                        <\/div>\n    <\/div>\n<div class=\"GutText  GutContainer\">\n    <div class=\"GutText-inner\">\n                            <\/div>\n<\/div>    <div class=\"GutCol2 BgColor GutContainer\">\n        <div class=\"GutCol2-container Variable left\">\n\n            \n                                                                                                                                <div class=\"GutCol2-wrap GutCol2-blocTexte Left\">\n                            <div class=\"GutCol2-blocTexte--inner\">\n                                                                        <div class=\"GutTitle Left\">\n                            <h2 class=\"GutTitle-title\">Centros de producci\u00f3n<\/h2>\n                    <\/div>\n                                                                                                    <div class=\"GutCol2-intro\">ANNECY ELECTRONIQUE apoya el desarrollo de herramientas de producci\u00f3n, as\u00ed como las fases de preproducci\u00f3n y serie con soluciones de hardware y software.<\/div>\n                                                                                                    <div class=\"GutCol2-text Content\">\n                                        <ul>\n<li>Pruebas EOL de funciones espec\u00edficas,<\/li>\n<li>Adquisici\u00f3n y registro de datos,<\/li>\n<li>Descarga y configuraci\u00f3n,<\/li>\n<li>Trazabilidad de las operaciones de producci\u00f3n.<\/li>\n<\/ul>\n<p>&nbsp;<\/p>\n<p><a class=\"Button-secondary\" href=\"https:\/\/exxotest.com\/es\/categorie-produit\/fabricantes-proveedores-de-equipos\/herramientas-de-diagnostico-y-medicion\/\" target=\"_blank\" rel=\"noopener\">Herramientas de diagn\u00f3stico y medici\u00f3n<\/a>    <a class=\"Button-secondary\" href=\"https:\/\/exxotest.com\/es\/soluciones-de-prueba-diagnostico-y-descarga\/\" target=\"_blank\" rel=\"noopener\">Soluciones de prueba y descarga OEM<\/a><\/p>\n\n                                    <\/div>\n                                                            <\/div>\n                        <\/div>\n                                                                                                                                        <div class=\"GutCol2-wrap GutCol2-blocImage Right\">\n                                <picture class=\"GutCol2-picture\">\n                                    <img decoding=\"async\" src=\"\/cache\/images\/9787327a95c30ea41acaa6e95e2d9bac\/gutenberg_image_2col_cuadrado.webp\"\n                                         alt=\"Poste de t\u00e9l\u00e9chargement Flashing Station\"\/>\n                                <\/picture>\n                                                            <\/div>\n                                                                                <\/div>\n    <\/div>\n<div class=\"GutText  GutContainer\">\n    <div class=\"GutText-inner\">\n                            <\/div>\n<\/div>    <div class=\"GutCol2 BgColor GutContainer\">\n        <div class=\"GutCol2-container Variable right\">\n\n            \n                                                                                                                                                            <div class=\"GutCol2-wrap GutCol2-blocImage Left\">\n                                <picture class=\"GutCol2-picture\">\n                                    <img decoding=\"async\" src=\"\/cache\/images\/39cb9d1a44124a6819f76b03b9a4f7ea\/gutenberg_image_2col_cuadrado.webp\"\n                                         alt=\"solution pour r\u00e9seaux apr\u00e8s vente automobiles\"\/>\n                                <\/picture>\n                                                            <\/div>\n                                                                                                                                    <div class=\"GutCol2-wrap GutCol2-blocTexte Right\">\n                            <div class=\"GutCol2-blocTexte--inner\">\n                                                                        <div class=\"GutTitle Left\">\n                            <h2 class=\"GutTitle-title\">Redes posventa<\/h2>\n                    <\/div>\n                                                                                                    <div class=\"GutCol2-intro\">ANNECY ELECTRONIQUE ofrece soluciones para talleres de mantenimiento, concesionarios, empresas de alquiler y gestores de redes posventa.<\/div>\n                                                                                                    <div class=\"GutCol2-text Content\">\n                                        <ul>\n<li>Equipos y aplicaciones de diagn\u00f3stico de las funciones electr\u00f3nicas de a bordo,<\/li>\n<li>Herramientas para medir magnitudes el\u00e9ctricas y f\u00edsicas,<\/li>\n<li>Servicios de trazabilidad para operaciones de diagn\u00f3stico y gesti\u00f3n de parques de herramientas.<\/li>\n<\/ul>\n<p>&nbsp;<\/p>\n<p><a class=\"Button-secondary\" href=\"https:\/\/exxotest.com\/es\/categorie-produit\/fabricantes-proveedores-de-equipos\/herramientas-de-diagnostico-y-medicion\/\" target=\"_blank\" rel=\"noopener\">Herramientas de diagn\u00f3stico y medici\u00f3n<\/a>    <a class=\"Button-secondary\" href=\"https:\/\/exxotest.com\/es\/soluciones-de-prueba-diagnostico-y-descarga\/\" target=\"_blank\" rel=\"noopener\">Soluciones de diagn\u00f3stico OEM<\/a><\/p>\n\n                                    <\/div>\n                                                            <\/div>\n                        <\/div>\n                                                        <\/div>\n    <\/div>\n<div class=\"GutText  GutContainer\">\n    <div class=\"GutText-inner\">\n                            <\/div>\n<\/div>","protected":false},"excerpt":{"rendered":"","protected":false},"author":3,"featured_media":0,"parent":0,"menu_order":0,"comment_status":"closed","ping_status":"closed","template":"","meta":{"_acf_changed":false,"inline_featured_image":false,"footnotes":""},"class_list":["post-3976","page","type-page","status-publish","hentry"],"acf":[],"_links":{"self":[{"href":"https:\/\/exxotest.com\/es\/wp-json\/wp\/v2\/pages\/3976","targetHints":{"allow":["GET"]}}],"collection":[{"href":"https:\/\/exxotest.com\/es\/wp-json\/wp\/v2\/pages"}],"about":[{"href":"https:\/\/exxotest.com\/es\/wp-json\/wp\/v2\/types\/page"}],"author":[{"embeddable":true,"href":"https:\/\/exxotest.com\/es\/wp-json\/wp\/v2\/users\/3"}],"replies":[{"embeddable":true,"href":"https:\/\/exxotest.com\/es\/wp-json\/wp\/v2\/comments?post=3976"}],"version-history":[{"count":6,"href":"https:\/\/exxotest.com\/es\/wp-json\/wp\/v2\/pages\/3976\/revisions"}],"predecessor-version":[{"id":5746,"href":"https:\/\/exxotest.com\/es\/wp-json\/wp\/v2\/pages\/3976\/revisions\/5746"}],"wp:attachment":[{"href":"https:\/\/exxotest.com\/es\/wp-json\/wp\/v2\/media?parent=3976"}],"curies":[{"name":"wp","href":"https:\/\/api.w.org\/{rel}","templated":true}]}}