{"id":3977,"date":"2025-05-16T10:38:35","date_gmt":"2025-05-16T08:38:35","guid":{"rendered":"https:\/\/exxotest.com\/plataforma-de-diagnostico-exxotest-pfd\/"},"modified":"2025-10-22T15:25:19","modified_gmt":"2025-10-22T13:25:19","slug":"plataforma-de-diagnostico-exxotest-pfd","status":"publish","type":"page","link":"https:\/\/exxotest.com\/es\/plataforma-de-diagnostico-exxotest-pfd\/","title":{"rendered":"Plataforma de diagn\u00f3stico Exxotest\u00ae PFD"},"content":{"rendered":"<div class=\"GutText  GutContainer\">\n    <div class=\"GutText-inner\">\n                                    <div class=\"GutText-wysiwyg Content\">\n                <p><strong>Con la llegada de nuevas normas medioambientales y veh\u00edculos cada vez m\u00e1s equipados, las arquitecturas el\u00e9ctricas son cada vez m\u00e1s complejas y los ordenadores de a bordo (ECU) procesan una masa de datos cada vez mayor.<\/strong><\/p>\n<p>Para hacer frente a estos retos, <strong>Exxotest\u00ae PFD<\/strong> se basa en una arquitectura modular de \u00faltima generaci\u00f3n, capaz de comunicarse con las ECU m\u00e1s recientes, al tiempo que crea un v\u00ednculo inteligente entre las operaciones de mantenimiento y el fabricante.<\/p>\n<p>Gracias a una electr\u00f3nica optimizada (nuevas redes de comunicaci\u00f3n, memoria reforzada, pantalla de alta resoluci\u00f3n), Exxotest\u00ae PFD ofrece una ayuda inestimable a los t\u00e9cnicos, con funciones avanzadas como el diagn\u00f3stico guiado por inteligencia artificial, la integraci\u00f3n de esquemas el\u00e9ctricos interactivos, ayuda contextual, fotos, tutoriales a bordo y mucho m\u00e1s&#8230;<\/p>\n<p>Su conectividad allana el camino para una nueva relaci\u00f3n entre el fabricante y su red posventa:<\/p>\n<ul>\n<li>Trazabilidad completa de las intervenciones<\/li>\n<li>Seguimiento de la garant\u00eda<\/li>\n<li>Teleasistencia y formaci\u00f3n a distancia<\/li>\n<li>Gesti\u00f3n centralizada del parque de herramientas<\/li>\n<\/ul>\n<p>Exxotest\u00ae PFD es un aut\u00e9ntico acelerador de rendimiento para sus operaciones posventa, dise\u00f1ado para apoyar la evoluci\u00f3n de su negocio combinando potencia, agilidad e inteligencia conectada.<\/p>\n<p>&nbsp;<\/p>\n<p style=\"text-align: center;\"><strong>Trabajemos juntos para encontrar la plataforma perfecta para sus necesidades.<\/strong><\/p>\n<p style=\"text-align: center;\"><a class=\"Button-secondary\" href=\"https:\/\/exxotest.com\/es\/pongase-en-contacto-con-nosotros\/\" target=\"_blank\" rel=\"noopener\">P\u00f3ngase en contacto con nosotros<\/a>\u00a0 <a class=\"Button-secondary\" href=\"https:\/\/exxotest.com\/content\/uploads\/2025\/10\/Datasheet_PFD2020.pdf\" target=\"_blank\" rel=\"noopener\">Datasheet<\/a><\/p>\n\n            <\/div>\n            <\/div>\n<\/div>\n\n    <div class=\"GutCol2 BgColor GutContainer\">\n        <div class=\"GutCol2-container Variable right\">\n\n            \n                                                                                                                                                            <div class=\"GutCol2-wrap GutCol2-blocImage Left\">\n                                <picture class=\"GutCol2-picture\">\n                                    <img decoding=\"async\" src=\"\/cache\/images\/d34706ab12b9caf0225008904ca0100a\/gutenberg_image_2col_cuadrado.webp\"\n                                         alt=\"plateforme diagnostic pfd\"\/>\n                                <\/picture>\n                                                            <\/div>\n                                                                                                                                    <div class=\"GutCol2-wrap GutCol2-blocTexte Right\">\n                            <div class=\"GutCol2-blocTexte--inner\">\n                                                                        <div class=\"GutTitle Left\">\n                            <h2 class=\"GutTitle-title\">Dise\u00f1o<\/h2>\n                    <\/div>\n                                                                                                    <div class=\"GutCol2-intro\">Dise\u00f1o mec\u00e1nico robusto, adaptado al entorno del taller<\/div>\n                                                                                                    <div class=\"GutCol2-text Content\">\n                                        <p>Bas\u00e1ndonos en la experiencia que hemos adquirido de los usuarios de las 2 generaciones anteriores, hemos prestado especial atenci\u00f3n a la solidez de nuestra nueva plataforma:<\/p>\n<ul>\n<li>Caja mec\u00e1nica ABS xxx<\/li>\n<li>Funda protectora de silicona<\/li>\n<li>Teclado reforzado<\/li>\n<li>Prensaestopas reforzado<\/li>\n<li>Cristal protector antiara\u00f1azos y antirreflejos para la pantalla<\/li>\n<\/ul>\n\n                                    <\/div>\n                                                            <\/div>\n                        <\/div>\n                                                        <\/div>\n    <\/div>\n\n\n    <div class=\"GutCol2  GutContainer\">\n        <div class=\"GutCol2-container Variable left\">\n\n            \n                                                                                                                                <div class=\"GutCol2-wrap GutCol2-blocTexte Left\">\n                            <div class=\"GutCol2-blocTexte--inner\">\n                                                                        <div class=\"GutTitle Left\">\n                            <h2 class=\"GutTitle-title\">Comunicaci\u00f3n de diagn\u00f3stico<\/h2>\n                    <\/div>\n                                                                                                    <div class=\"GutCol2-intro\">La plataforma PFD2020 integra de forma nativa los canales de comunicaci\u00f3n que ofrece la \u00faltima generaci\u00f3n de interfaces de comunicaci\u00f3n Exxotest\u00ae.<\/div>\n                                                                                                    <div class=\"GutCol2-text Content\">\n                                        <ul>\n<li>1 canal CAN HS-FD + 1 canal CAN HS-FD o LS<\/li>\n<li>2x LIN o ISO9141<\/li>\n<li>1 canal DoIP ETHERNET o 100BASE-T1<\/li>\n<li>SAE J1979 \/ ISO 15031, ISO 9141, ISO14230, ISO15765, ISO13400<\/li>\n<\/ul>\n\n                                    <\/div>\n                                                            <\/div>\n                        <\/div>\n                                                                                                                                        <div class=\"GutCol2-wrap GutCol2-blocImage Right\">\n                                <picture class=\"GutCol2-picture\">\n                                    <img decoding=\"async\" src=\"\/cache\/images\/4f925d0f572fd39325d808c2ff8ffe01\/gutenberg_image_2col_cuadrado.webp\"\n                                         alt=\"CL600_insitu\"\/>\n                                <\/picture>\n                                                            <\/div>\n                                                                                <\/div>\n    <\/div>\n\n\n    <div class=\"GutCol2 BgColor GutContainer\">\n        <div class=\"GutCol2-container Variable right\">\n\n            \n                                                                                                                                                            <div class=\"GutCol2-wrap GutCol2-blocImage Left\">\n                                <picture class=\"GutCol2-picture\">\n                                    <img decoding=\"async\" src=\"\/cache\/images\/9da2b7768640224336019a2d783b4cbc\/gutenberg_image_2col_cuadrado.webp\"\n                                         alt=\"plateforme exxotest \"\/>\n                                <\/picture>\n                                                            <\/div>\n                                                                                                                                    <div class=\"GutCol2-wrap GutCol2-blocTexte Right\">\n                            <div class=\"GutCol2-blocTexte--inner\">\n                                                                        <div class=\"GutTitle Left\">\n                            <h2 class=\"GutTitle-title\">Medida<\/h2>\n                    <\/div>\n                                                                                                    <div class=\"GutCol2-intro\">La plataforma PFD2020 est\u00e1 equipada de forma nativa para medir magnitudes el\u00e9ctricas<\/div>\n                                                                                                    <div class=\"GutCol2-text Content\">\n                                        <ul>\n<li><b>Funci\u00f3n de osciloscopio de 2 canales, <\/b>ancho de banda 2MHz, frecuencia de muestreo 2,5Me\/s, escala vertical 10mV\/div a 20V\/div<\/li>\n<\/ul>\n<p>&nbsp;<\/p>\n<ul>\n<li><b>Funci\u00f3n mult\u00edmetro, <\/b>Volt\u00edmetro +\/-100Vcc, Amper\u00edmetro (shunt \/ pinza amperim\u00e9trica), Ohm\u00edmetro 1Mohm<\/li>\n<\/ul>\n<p>&nbsp;<\/p>\n\n                                    <\/div>\n                                                            <\/div>\n                        <\/div>\n                                                        <\/div>\n    <\/div>\n\n\n    <div class=\"GutCol2  GutContainer\">\n        <div class=\"GutCol2-container Variable left\">\n\n            \n                                                                                                                                <div class=\"GutCol2-wrap GutCol2-blocTexte Left\">\n                            <div class=\"GutCol2-blocTexte--inner\">\n                                                                        <div class=\"GutTitle Left\">\n                            <h2 class=\"GutTitle-title\">Arquitectura de hardware<\/h2>\n                    <\/div>\n                                                                                                    <div class=\"GutCol2-intro\">Nueva arquitectura de hardware<\/div>\n                                                                                                    <div class=\"GutCol2-text Content\">\n                                        <p>Basada en una nueva arquitectura de hardware alimentada por un procesador NXP Cortex\u2122-A7 a 900 MHz, la plataforma PFD2020 se adapta a sus necesidades:<\/p>\n<ul>\n<li>Pantalla TFT 5&#8242; 5:3, resoluci\u00f3n 800&#215;480<\/li>\n<li>RAM de 128 a 1024Mb<\/li>\n<li>Flash de 8 a 128 Gb<\/li>\n<li>WiFi certificado 802.11 b\/g\/n<\/li>\n<li>Bluetooth BT\/BLE 5.2<\/li>\n<li>USB 2.0 host \/ OTG<\/li>\n<li>Rango de temperatura est\u00e1ndar o ampliado<\/li>\n<\/ul>\n\n                                    <\/div>\n                                                            <\/div>\n                        <\/div>\n                                                                                                                                        <div class=\"GutCol2-wrap GutCol2-blocImage Right\">\n                                <picture class=\"GutCol2-picture\">\n                                    <img decoding=\"async\" src=\"\/cache\/images\/9c34ebdc76c51a83ffdaa4b606088299\/gutenberg_image_2col_cuadrado.webp\"\n                                         alt=\"plateforme PFD2020\"\/>\n                                <\/picture>\n                                                            <\/div>\n                                                                                <\/div>\n    <\/div>\n\n\n    <div class=\"GutCol2 BgColor GutContainer\">\n        <div class=\"GutCol2-container Variable right\">\n\n            \n                                                                                                                                                            <div class=\"GutCol2-wrap GutCol2-blocImage Left\">\n                                <picture class=\"GutCol2-picture\">\n                                    <img decoding=\"async\" src=\"\/cache\/images\/9bd9d0ebc081bd74f5bef4e136bb1aed\/gutenberg_image_2col_cuadrado.webp\"\n                                         alt=\"diagnostic ecu exxotest\"\/>\n                                <\/picture>\n                                                            <\/div>\n                                                                                                                                    <div class=\"GutCol2-wrap GutCol2-blocTexte Right\">\n                            <div class=\"GutCol2-blocTexte--inner\">\n                                                                        <div class=\"GutTitle Left\">\n                            <h2 class=\"GutTitle-title\">Conectividad<\/h2>\n                    <\/div>\n                                                                                                    <div class=\"GutCol2-intro\">Wifi, Bluetooth, USB<\/div>\n                                                                                                    <div class=\"GutCol2-text Content\">\n                                        <p>Su conectividad allana el camino para una nueva relaci\u00f3n entre el fabricante y su red posventa:<\/p>\n<ul>\n<li>Trazabilidad completa de las intervenciones<\/li>\n<li>Seguimiento de la garant\u00eda<\/li>\n<li>Teleasistencia y formaci\u00f3n a distancia<\/li>\n<li>Gesti\u00f3n centralizada del parque de herramientas<\/li>\n<\/ul>\n\n                                    <\/div>\n                                                            <\/div>\n                        <\/div>\n                                                        <\/div>\n    <\/div>\n\n\n    <div class=\"GutCol2  GutContainer\">\n        <div class=\"GutCol2-container Variable left\">\n\n            \n                                                                                                                                <div class=\"GutCol2-wrap GutCol2-blocTexte Left\">\n                            <div class=\"GutCol2-blocTexte--inner\">\n                                                                        <div class=\"GutTitle Left\">\n                            <h2 class=\"GutTitle-title\">Backoffice<\/h2>\n                    <\/div>\n                                                                                                    <div class=\"GutCol2-intro\">Administraci\u00f3n y supervisi\u00f3n de herramientas<\/div>\n                                                                                                    <div class=\"GutCol2-text Content\">\n                                        <p>La plataforma de diagn\u00f3stico PFD2020 puede administrarse a trav\u00e9s de un backoffice, lo que permite al gestor del parque de herramientas de diagn\u00f3stico supervisar los equipos de su red en tiempo real.<\/p>\n<ul>\n<li>Transferencia de archivos de diagn\u00f3stico a la base de datos<\/li>\n<li>Control de licencias<\/li>\n<li>Activar \/ desactivar funciones<\/li>\n<li>Actualizaciones de software<\/li>\n<li>Etc<\/li>\n<\/ul>\n\n                                    <\/div>\n                                                            <\/div>\n                        <\/div>\n                                                                                                                                        <div class=\"GutCol2-wrap GutCol2-blocImage Right\">\n                                <picture class=\"GutCol2-picture\">\n                                    <img decoding=\"async\" src=\"\/cache\/images\/b1f2e61e9ab145b077a4abbd4c3f2509\/gutenberg_image_2col_cuadrado.webp\"\n                                         alt=\"suivi \u00e9quipements r\u00e9seau\"\/>\n                                <\/picture>\n                                                            <\/div>\n                                                                                <\/div>\n    <\/div>\n","protected":false},"excerpt":{"rendered":"","protected":false},"author":3,"featured_media":0,"parent":0,"menu_order":0,"comment_status":"closed","ping_status":"closed","template":"","meta":{"_acf_changed":false,"inline_featured_image":false,"footnotes":""},"class_list":["post-3977","page","type-page","status-publish","hentry"],"acf":[],"_links":{"self":[{"href":"https:\/\/exxotest.com\/es\/wp-json\/wp\/v2\/pages\/3977","targetHints":{"allow":["GET"]}}],"collection":[{"href":"https:\/\/exxotest.com\/es\/wp-json\/wp\/v2\/pages"}],"about":[{"href":"https:\/\/exxotest.com\/es\/wp-json\/wp\/v2\/types\/page"}],"author":[{"embeddable":true,"href":"https:\/\/exxotest.com\/es\/wp-json\/wp\/v2\/users\/3"}],"replies":[{"embeddable":true,"href":"https:\/\/exxotest.com\/es\/wp-json\/wp\/v2\/comments?post=3977"}],"version-history":[{"count":5,"href":"https:\/\/exxotest.com\/es\/wp-json\/wp\/v2\/pages\/3977\/revisions"}],"predecessor-version":[{"id":6198,"href":"https:\/\/exxotest.com\/es\/wp-json\/wp\/v2\/pages\/3977\/revisions\/6198"}],"wp:attachment":[{"href":"https:\/\/exxotest.com\/es\/wp-json\/wp\/v2\/media?parent=3977"}],"curies":[{"name":"wp","href":"https:\/\/api.w.org\/{rel}","templated":true}]}}