{"id":3986,"date":"2025-04-30T15:59:21","date_gmt":"2025-04-30T13:59:21","guid":{"rendered":"https:\/\/exxotest.com\/nuestros-servicios\/"},"modified":"2025-09-08T17:55:19","modified_gmt":"2025-09-08T15:55:19","slug":"nuestros-servicios","status":"publish","type":"page","link":"https:\/\/exxotest.com\/es\/nuestros-servicios\/","title":{"rendered":"Nuestros servicios"},"content":{"rendered":"<div class=\"GutText  GutContainer\">\n    <div class=\"GutText-inner\">\n                                    <div class=\"GutText-wysiwyg Content\">\n                <p>Gracias a nuestro equipo multidisciplinar, combinamos el rigor industrial con el esp\u00edritu de innovaci\u00f3n para llevar a buen puerto proyectos ambiciosos, cumpliendo las normas m\u00e1s exigentes.<\/p>\n<p>Contamos con una reconocida experiencia en electr\u00f3nica, inform\u00e1tica e ingenier\u00eda mec\u00e1nica. Gracias a unos recursos de dise\u00f1o, m\u00e9todos y producci\u00f3n amplios y constantemente actualizados, podemos ofrecer soluciones innovadoras y de alto rendimiento totalmente adaptadas a sus necesidades. <\/p>\n<p>&nbsp;<\/p>\n<p><img decoding=\"async\" class=\"alignnone size-full wp-image-3811\" src=\"https:\/\/exxotest.com\/content\/uploads\/2025\/09\/Nos-services.png\" alt=\"\" width=\"961\" height=\"158\"><\/p>\n\n            <\/div>\n            <\/div>\n<\/div><div class=\"GutTextReadMore BgColor GutContainer\">\n    <div class=\"GutTextReadMore-inner GutText-inner __ReadMore\">\n            <div class=\"GutTitle Izquierda\">\n                            <h2 class=\"GutTitle-title\">Expresi\u00f3n y encuadramiento de las necesidades<\/h2>\n                    <\/div>\n                    <div class=\"GutTextReadMore-text--visible GutText-wysiwyg Content\">\n                <p>Le ayudamos desde la identificaci\u00f3n, definici\u00f3n y documentaci\u00f3n de los requisitos de su proyecto hasta la redacci\u00f3n de las especificaciones del producto, para que su proyecto se desarrolle sin contratiempos.<\/p>\n\n            <\/div>\n                            <button class=\"GutTextReadMore-button Link __TextReadMoreButton\">Leer m\u00e1s<\/button>\n            <div class=\"GutTextReadMore-text--cache GutText-wysiwyg Content __TextReadMoreCache\">\n                <p><strong>An\u00e1lisis preliminar<\/strong><\/p>\n<p>Reuni\u00f3n de lanzamiento: reuni\u00f3n inicial para comprender el contexto, los problemas y los objetivos del proyecto.<br \/>\nRecopilaci\u00f3n de informaci\u00f3n: evaluaci\u00f3n de los sistemas\/productos actuales, an\u00e1lisis de la documentaci\u00f3n existente y de las distintas limitaciones espec\u00edficas (normativas, t\u00e9cnicas y de proceso).<\/p>\n<p><strong>Definici\u00f3n de las necesidades<\/strong><\/p>\n<p>Sesiones de trabajo interactivas con las partes interesadas para identificar, definir y aclarar las necesidades.<br \/>\nEntrevistas y cuestionarios: m\u00e9todos adicionales de recopilaci\u00f3n de datos para conocer mejor sus expectativas.<\/p>\n<p><strong>Redacci\u00f3n de pliegos de condiciones<\/strong><\/p>\n<p>Redacci\u00f3n en forma de requisitos: Descripci\u00f3n detallada de funcionalidades, prestaciones esperadas, limitaciones t\u00e9cnicas y normativas.<br \/>\nValidaci\u00f3n intermedia: Revisi\u00f3n de las especificaciones intermedias por sus equipos para garantizar la precisi\u00f3n y pertinencia de los requisitos.<\/p>\n<p><strong>Revisiones y finalizaci\u00f3n<\/strong><\/p>\n<p>Correcciones y ajustes : Incorporaci\u00f3n de sus observaciones y comentarios.<br \/>\nVersi\u00f3n final: Validaci\u00f3n y entrega de la versi\u00f3n final del pliego de condiciones.<\/p>\n<p>&nbsp;<\/p>\n<p><strong>Una determinaci\u00f3n precisa y exhaustiva de los requisitos es esencial para el buen funcionamiento de las fases de desarrollo de su producto:<\/strong><\/p>\n<ul>\n<li>Ahorro de tiempo: acelera el proceso de definici\u00f3n de requisitos y desarrollo de soluciones.<\/li>\n<li>Calidad y precisi\u00f3n: garantizar un documento de alta calidad que facilite el trabajo de los equipos t\u00e9cnicos.<\/li>\n<li>Control de costes: evite los sobrecostes asociados a las modificaciones y errores de especificaci\u00f3n previos.<\/li>\n<\/ul>\n\n            <\/div>\n            <\/div>\n<\/div><div class=\"GutTextReadMore  GutContainer\">\n    <div class=\"GutTextReadMore-inner GutText-inner __ReadMore\">\n            <div class=\"GutTitle Izquierda\">\n                            <h2 class=\"GutTitle-title\">Estudio t\u00e9cnico preliminar<\/h2>\n                    <\/div>\n                    <div class=\"GutTextReadMore-text--visible GutText-wysiwyg Content\">\n                <p><b>Realizamos <\/b>un an\u00e1lisis en profundidad de su proyecto, evaluando su viabilidad t\u00e9cnica y los riesgos asociados. Esto nos lleva a elaborar una propuesta t\u00e9cnica y financiera, as\u00ed como a planificar el proyecto. Nuestras recomendaciones estrat\u00e9gicas proporcionan una visi\u00f3n clara y estructurada del proyecto antes de su lanzamiento.  <\/p>\n\n            <\/div>\n                            <button class=\"GutTextReadMore-button Link __TextReadMoreButton\">Leer m\u00e1s<\/button>\n            <div class=\"GutTextReadMore-text--cache GutText-wysiwyg Content __TextReadMoreCache\">\n                <p><b>An\u00e1lisis de proyectos<\/b><\/p>\n<ul>\n<li>Identificaci\u00f3n y documentaci\u00f3n de necesidades y requisitos funcionales, t\u00e9cnicos, normativos, etc.<\/li>\n<li>Estudio del contexto y el entorno en el que se llevar\u00e1 a cabo el proyecto,<\/li>\n<li>Evaluaci\u00f3n de las limitaciones e identificaci\u00f3n de las oportunidades espec\u00edficas del proyecto.<\/li>\n<\/ul>\n<p><b>Evaluaci\u00f3n de la viabilidad t\u00e9cnica y los riesgos asociados<\/b><\/p>\n<ul>\n<li>An\u00e1lisis de las tecnolog\u00edas disponibles y adecuadas para el proyecto.<\/li>\n<li>An\u00e1lisis de riesgos del proyecto y plan de acci\u00f3n asociado (control y reducci\u00f3n de riesgos)<\/li>\n<li>Estudio de la compatibilidad de las soluciones t\u00e9cnicas propuestas con los sistemas existentes.<\/li>\n<\/ul>\n<p><b>Elaboraci\u00f3n de una propuesta t\u00e9cnica y financiera<\/b><\/p>\n<ul>\n<li>Estimaci\u00f3n de los costes y recursos humanos y materiales necesarios para completar el proyecto,<\/li>\n<li>Estimaci\u00f3n de los costes de producci\u00f3n y los precios por pieza.<\/li>\n<\/ul>\n<p><b>Planificaci\u00f3n de proyectos<\/b><\/p>\n<ul>\n<li>Definici\u00f3n de los hitos del proyecto.<\/li>\n<li>Elaborar un calendario con plazos precisos.<\/li>\n<li>Asignaci\u00f3n de recursos y definici\u00f3n de las responsabilidades de las distintas partes interesadas.<\/li>\n<\/ul>\n<p><b>Recomendaciones estrat\u00e9gicas<\/b><\/p>\n<ul>\n<li>Asesoramiento sobre mejores pr\u00e1cticas y estrategias para garantizar el \u00e9xito del proyecto.<\/li>\n<li>Identificaci\u00f3n de oportunidades de optimizaci\u00f3n y reducci\u00f3n de costes.<\/li>\n<li>Propuesta de planes de contingencia para gestionar imprevistos y posibles cambios.<\/li>\n<\/ul>\n<p>Este enfoque met\u00f3dico y exhaustivo permite a ANNECY ELECTRONIQUE proporcionar una base s\u00f3lida para llevar a cabo proyectos complejos, garantizando una comprensi\u00f3n clara de los objetivos, los recursos que deben desplegarse y los resultados esperados.<\/p>\n\n            <\/div>\n            <\/div>\n<\/div><div class=\"GutTextReadMore BgColor GutContainer\">\n    <div class=\"GutTextReadMore-inner GutText-inner __ReadMore\">\n            <div class=\"GutTitle Izquierda\">\n                            <h2 class=\"GutTitle-title\">Maquetas y pruebas de concepto<\/h2>\n                    <\/div>\n                    <div class=\"GutTextReadMore-text--visible GutText-wysiwyg Content\">\n                <p><b>La prueba de concepto <\/b>(PdC) es una fase crucial para transformar las ideas en modelos tangibles. Creamos maquetas funcionales que ilustran claramente la funcionalidad y el dise\u00f1o previstos para su proyecto. <\/p>\n\n            <\/div>\n                            <button class=\"GutTextReadMore-button Link __TextReadMoreButton\">Leer m\u00e1s<\/button>\n            <div class=\"GutTextReadMore-text--cache GutText-wysiwyg Content __TextReadMoreCache\">\n                <p>Estas maquetas nos permiten identificar posibles obst\u00e1culos t\u00e9cnicos y, gracias a los valiosos comentarios de sus equipos, perfeccionar y mejorar la soluci\u00f3n propuesta. Desempe\u00f1an un papel decisivo a la hora de demostrar la viabilidad t\u00e9cnica de las ideas y poner a prueba las hip\u00f3tesis clave de todo o parte de un proyecto. <\/p>\n<p>Utilizamos tecnolog\u00edas y herramientas avanzadas para crear PdC realistas y de alto rendimiento, minimizando al mismo tiempo los costes y los plazos de entrega.<\/p>\n<p>Este planteamiento permite probar r\u00e1pida y eficazmente conceptos innovadores, evaluar su viabilidad e introducir los ajustes necesarios antes de pasar a la siguiente fase de desarrollo.<\/p>\n\n            <\/div>\n            <\/div>\n<\/div><div class=\"GutTextReadMore  GutContainer\">\n    <div class=\"GutTextReadMore-inner GutText-inner __ReadMore\">\n            <div class=\"GutTitle Izquierda\">\n                            <h2 class=\"GutTitle-title\">Dise\u00f1o, integraci\u00f3n, validaci\u00f3n<\/h2>\n                    <\/div>\n                    <div class=\"GutTextReadMore-text--visible GutText-wysiwyg Content\">\n                <p><b>Dise\u00f1amos y desarrollamos <\/b>su producto para que cumpla los requisitos t\u00e9cnicos y funcionales de su proyecto.<\/p>\n\n            <\/div>\n                            <button class=\"GutTextReadMore-button Link __TextReadMoreButton\">Leer m\u00e1s<\/button>\n            <div class=\"GutTextReadMore-text--cache GutText-wysiwyg Content __TextReadMoreCache\">\n                <p><b>Dise\u00f1o preliminar<\/b><\/p>\n<ul>\n<li>Dise\u00f1o funcional: definici\u00f3n de la soluci\u00f3n t\u00e9cnica para cada aspecto, arquitectura del sistema (electr\u00f3nica, software, mec\u00e1nica).<\/li>\n<li>Especificaciones t\u00e9cnicas: Redacci\u00f3n de matrices de requisitos y especificaciones t\u00e9cnicas detalladas.<\/li>\n<li>Ecodise\u00f1o: an\u00e1lisis del ciclo de vida, elecci\u00f3n de materiales sostenibles y optimizaci\u00f3n energ\u00e9tica.<\/li>\n<\/ul>\n<p><b>Desarrollo<\/b><\/p>\n<ul>\n<li>Dise\u00f1o electr\u00f3nico: elecci\u00f3n de componentes, esquemas, colocaci\u00f3n, encaminamiento con un enfoque de reducci\u00f3n de la huella de carbono.<\/li>\n<li>Desarrollo de software: codificaci\u00f3n, pruebas unitarias, desarrollo de interfaces de usuario.<\/li>\n<li>Dise\u00f1o mec\u00e1nico: dise\u00f1o en 3D, elecci\u00f3n de materiales, an\u00e1lisis estructurales y t\u00e9rmicos para minimizar el impacto medioambiental.<\/li>\n<\/ul>\n<p><b>Integraci\u00f3n y pruebas<\/b><\/p>\n<ul>\n<li>Integraci\u00f3n de sistemas \/ creaci\u00f3n de prototipos: ensamblar las distintas piezas (electr\u00f3nica, software, mec\u00e1nica) en un sistema completo.<\/li>\n<li>Pruebas de integraci\u00f3n: comprobar que cada componente y el sistema integrado funcionan correctamente, bas\u00e1ndose en criterios de sostenibilidad.<\/li>\n<\/ul>\n<p><b>Validaciones<\/b><\/p>\n<ul>\n<li>Validaci\u00f3n funcional: pruebas exhaustivas para garantizar que el producto cumple los requisitos funcionales y medioambientales.<\/li>\n<li>Validaci\u00f3n por el cliente: Presentaci\u00f3n al cliente y ajustes iterativos.<\/li>\n<\/ul>\n<p><b>Ficha t\u00e9cnica<\/b><\/p>\n<ul>\n<li>Pruebas de conformidad con las normas y reglamentos aplicables en materia el\u00e9ctrica, ESD, EMC, mec\u00e1nica, clim\u00e1tica y medioambiental.<\/li>\n<li>Ficha t\u00e9cnica del marcado CE<\/li>\n<\/ul>\n\n            <\/div>\n            <\/div>\n<\/div><div class=\"GutTextReadMore BgColor GutContainer\">\n    <div class=\"GutTextReadMore-inner GutText-inner __ReadMore\">\n            <div class=\"GutTitle Izquierda\">\n                            <h2 class=\"GutTitle-title\">Industrializaci\u00f3n y producci\u00f3n<\/h2>\n                    <\/div>\n                    <div class=\"GutTextReadMore-text--visible GutText-wysiwyg Content\">\n                <p><b>Nuestras instalaciones de producci\u00f3n<\/b> certificadas ISO 9001 e ISO 14001, al igual que todos los procesos de la empresa, garantizan nuestra capacidad para industrializar y producir series peque\u00f1as y medianas, ofreciendo una flexibilidad y calidad \u00f3ptimas para satisfacer las variadas necesidades de nuestros clientes.<\/p>\n\n            <\/div>\n                            <button class=\"GutTextReadMore-button Link __TextReadMoreButton\">Leer m\u00e1s<\/button>\n            <div class=\"GutTextReadMore-text--cache GutText-wysiwyg Content __TextReadMoreCache\">\n                <p><b>Fichero de fabricaci\u00f3n<\/b><\/p>\n<ul>\n<li>Documentaci\u00f3n t\u00e9cnica: planos de dise\u00f1o, especificaciones de materiales, esquemas electr\u00f3nicos, listas de componentes (BOM).<\/li>\n<li>Procedimientos y recursos de ensayo: protocolos y bancos de ensayo para componentes, subconjuntos y el producto final.<\/li>\n<li>Procedimientos operativos: Instrucciones de montaje y control de calidad.<\/li>\n<\/ul>\n<p><b>Elecci\u00f3n de proveedores<\/b><\/p>\n<ul>\n<li>Selecci\u00f3n y evaluaci\u00f3n: identificaci\u00f3n y cualificaci\u00f3n de proveedores en funci\u00f3n de la calidad, los costes y los plazos de entrega.<\/li>\n<li>Contratos: Negociaci\u00f3n de las condiciones, incluida la calidad, los plazos y la gesti\u00f3n de las no conformidades.<\/li>\n<\/ul>\n<p><b>Creaci\u00f3n de medios de producci\u00f3n<\/b><\/p>\n<ul>\n<li>Equipamiento : Instalaci\u00f3n de medios de ensayo y producci\u00f3n en serie.<\/li>\n<li>Dise\u00f1o: optimizaci\u00f3n de las instalaciones para un flujo de trabajo eficiente.<\/li>\n<li>Formaci\u00f3n: Formaci\u00f3n de operarios y t\u00e9cnicos en los nuevos procedimientos.<\/li>\n<\/ul>\n<p><b>Validaci\u00f3n de la producci\u00f3n<\/b><\/p>\n<ul>\n<li>Producci\u00f3n piloto: lanzamiento de una tirada de preproducci\u00f3n para validar los procesos.<\/li>\n<li>Revisiones y auditor\u00edas: evaluaci\u00f3n y ajustes basados en los resultados de la producci\u00f3n piloto.<\/li>\n<\/ul>\n\n            <\/div>\n            <\/div>\n<\/div><div class=\"GutText  GutContainer\">\n    <div class=\"GutText-inner\">\n                                    <div class=\"GutText-wysiwyg Content\">\n                <h2 style=\"text-align: center;\"><strong>\u00bfEstamos hablando de ello?<\/strong><\/h2>\n<p style=\"text-align: center;\"><a class=\"Button-secondary\" href=\"https:\/\/exxotest.com\/nous-contacter\/\" target=\"_blank\" rel=\"noopener\">P\u00f3ngase en contacto con nosotros<\/a><\/p>\n\n            <\/div>\n            <\/div>\n<\/div><div class=\"GutText BgColor GutContainer\">\n    <div class=\"GutText-inner\">\n            <div class=\"GutTitle Izquierda\">\n                            <h2 class=\"GutTitle-title\">Nuestros conocimientos t\u00e9cnicos<\/h2>\n                    <\/div>\n                            <div class=\"GutText-wysiwyg Content\">\n                <h5>Electr\u00f3nica<\/h5>\n<ul>\n<li>Desarrollo de placas electr\u00f3nicas complejas<\/li>\n<li>Digital: SoC, ATMEL, Microchip, IMX, STMx, Texas MSP, Renesas, NXP, Arduino ESP, etc.<\/li>\n<li>Anal\u00f3gico: Adquisici\u00f3n, sensores y procesamiento<\/li>\n<li>Comunicaci\u00f3n: CAN (LS, HS, FD), Ethernet, Wifi, BLE, SPI, I2C<\/li>\n<li>Placas de circuito impreso multicapa, componentes SMD y pasantes<\/li>\n<li>Herramientas: Cadstar, Altium, LT Spice<\/li>\n<\/ul>\n<p>&nbsp;<\/p>\n<h5>Software embarcado y no embarcado<\/h5>\n<ul>\n<li>Sistemas operativos Linux, Windows y QNX<\/li>\n<li>Aplicaciones integradas y en tiempo real, controladores, HAL, &#8230;<\/li>\n<li>Aplicaci\u00f3n web, framework Angular, Node.js, HTML, CSS, JS, PHP<\/li>\n<li>Lenguajes C, C++, Qt, Java, Python, .Net, Ensambladores, UML, SysML<\/li>\n<li>Integraci\u00f3n continua y pruebas autom\u00e1ticas JENKINS, GITLAB CI\/CD<\/li>\n<\/ul>\n<p>&nbsp;<\/p>\n<h5>Protocolos<\/h5>\n<ul>\n<li>Wifi, Ethernet, TCP\/IP, UDP, Bluetooth y BLE<\/li>\n<li>CAN, CANOpen, LIN, J1939, DoCAN, DoK-Line, DoIP, KWP2000, UDS, etc&#8230;<\/li>\n<\/ul>\n<p>&nbsp;<\/p>\n<h5>Ingenier\u00eda mec\u00e1nica<\/h5>\n<ul>\n<li>Dise\u00f1o mec\u00e1nico e integraci\u00f3n,<\/li>\n<li>Prototipos e impresi\u00f3n 3D<\/li>\n<li>Herramientas: Solidworks<\/li>\n<\/ul>\n<p>&nbsp;<\/p>\n<h5>Normas<\/h5>\n<ul>\n<li>ISO9001 &amp; ISO14001<\/li>\n<li>CE, seguridad el\u00e9ctrica IEC\/EN 62368, ROHS, REACH, Directiva sobre m\u00e1quinas,<\/li>\n<li>CEM EN 301489, EN 55032, EN 55035, Radio EN 300328, CEM EN 62479<\/li>\n<\/ul>\n<p>&nbsp;<\/p>\n\n            <\/div>\n            <\/div>\n<\/div>","protected":false},"excerpt":{"rendered":"","protected":false},"author":3,"featured_media":0,"parent":0,"menu_order":0,"comment_status":"closed","ping_status":"closed","template":"","meta":{"_acf_changed":false,"inline_featured_image":false,"footnotes":""},"class_list":["post-3986","page","type-page","status-publish","hentry"],"acf":[],"_links":{"self":[{"href":"https:\/\/exxotest.com\/es\/wp-json\/wp\/v2\/pages\/3986","targetHints":{"allow":["GET"]}}],"collection":[{"href":"https:\/\/exxotest.com\/es\/wp-json\/wp\/v2\/pages"}],"about":[{"href":"https:\/\/exxotest.com\/es\/wp-json\/wp\/v2\/types\/page"}],"author":[{"embeddable":true,"href":"https:\/\/exxotest.com\/es\/wp-json\/wp\/v2\/users\/3"}],"replies":[{"embeddable":true,"href":"https:\/\/exxotest.com\/es\/wp-json\/wp\/v2\/comments?post=3986"}],"version-history":[{"count":3,"href":"https:\/\/exxotest.com\/es\/wp-json\/wp\/v2\/pages\/3986\/revisions"}],"predecessor-version":[{"id":5548,"href":"https:\/\/exxotest.com\/es\/wp-json\/wp\/v2\/pages\/3986\/revisions\/5548"}],"wp:attachment":[{"href":"https:\/\/exxotest.com\/es\/wp-json\/wp\/v2\/media?parent=3986"}],"curies":[{"name":"wp","href":"https:\/\/api.w.org\/{rel}","templated":true}]}}