{"id":3987,"date":"2025-05-26T13:50:37","date_gmt":"2025-05-26T11:50:37","guid":{"rendered":"https:\/\/exxotest.com\/organizaciones-e-instituciones-de-formacion\/"},"modified":"2025-09-08T17:48:36","modified_gmt":"2025-09-08T15:48:36","slug":"organizaciones-e-instituciones-de-formacion","status":"publish","type":"page","link":"https:\/\/exxotest.com\/es\/organizaciones-e-instituciones-de-formacion\/","title":{"rendered":"Organizaciones e instituciones de formaci\u00f3n"},"content":{"rendered":"<div class=\"GutText  GutContainer\">\n    <div class=\"GutText-inner\">\n                            <div class=\"GutText-intro Izquierda\">Desde hace m\u00e1s de 25 a\u00f1os, ANNECY ELECTRONIQUE, con su marca Exxotest Education, dise\u00f1a soluciones pedag\u00f3gicas innovadoras, escalables y arraigadas en la realidad de la empresa.  \r\n\r\nNuestra ambici\u00f3n es que los centros de formaci\u00f3n, los profesores y los alumnos puedan proyectarse con confianza en un sector en constante transformaci\u00f3n.<\/div>\n                    <\/div>\n<\/div>\n\n    <div class=\"GutCol2 BgColor GutContainer\">\n        <div class=\"GutCol2-container Variable right\">\n\n            \n                                                                                                                                                            <div class=\"GutCol2-wrap GutCol2-blocImage Left\">\n                                <picture class=\"GutCol2-picture\">\n                                    <img decoding=\"async\" src=\"\/cache\/images\/3eb38f892c98fd1b617c7a99664c8226\/gutenberg_image_2col_square.webp\"\n                                         alt=\"solutions p\u00e9dagogiques\"\/>\n                                <\/picture>\n                                                            <\/div>\n                                                                                                                                    <div class=\"GutCol2-wrap GutCol2-blocTexte Right\">\n                            <div class=\"GutCol2-blocTexte--inner\">\n                                                                        <div class=\"GutTitle Left\">\n                            <h2 class=\"GutTitle-title\">Cursos de ense\u00f1anza<\/h2>\n                    <\/div>\n                                                                                                    <div class=\"GutCol2-intro\">Apoyamos la ense\u00f1anza t\u00e9cnica y profesional en todos los \u00e1mbitos de la movilidad, tanto en Francia como en el extranjero, con equipos dise\u00f1ados para responder a las exigencias del mundo real.<\/div>\n                                                                                                    <div class=\"GutCol2-text Content\">\n                                        <p class=\"p1\"><span class=\"s1\">Las soluciones <\/span><b>Exxotest\u00ae Education<\/b><span class=\"s1\"> ofrecen<\/span> a las organizaciones e instituciones de formaci\u00f3n inicial y continua los medios para alcanzar m\u00e1s f\u00e1cilmente los objetivos educativos de los distintos sistemas de referencia.<\/p>\n<ul>\n<li>Mantenimiento de turismos<\/li>\n<li>Mantenimiento de veh\u00edculos de transporte por carretera<\/li>\n<li>Mantenimiento de equipos agr\u00edcolas o espacios verdes<\/li>\n<li>Mantenimiento de bicicletas y motos<\/li>\n<li>Mantenimiento de equipos de construcci\u00f3n y manipulaci\u00f3n<\/li>\n<li>Mantenimiento n\u00e1utico<\/li>\n<\/ul>\n<p><a class=\"Button-secondary\" href=\"https:\/\/exxotest.com\/es\/categorie-produit\/centros-de-formacion\/soluciones-educativas-mantenimiento-de-vehiculos-y-equipos\/\" target=\"_blank\" rel=\"noopener\">Descubra nuestras soluciones educativas<\/a><\/p>\n\n                                    <\/div>\n                                                            <\/div>\n                        <\/div>\n                                                        <\/div>\n    <\/div>\n\n\n<div class=\"GutText  GutContainer\">\n    <div class=\"GutText-inner\">\n                            <\/div>\n<\/div>\n\n    <div class=\"GutCol2 BgColor GutContainer\">\n        <div class=\"GutCol2-container Variable left\">\n\n            \n                                                                                                                                <div class=\"GutCol2-wrap GutCol2-blocTexte Left\">\n                            <div class=\"GutCol2-blocTexte--inner\">\n                                                                        <div class=\"GutTitle Left\">\n                            <h2 class=\"GutTitle-title\">Formaci\u00f3n inicial y continua<\/h2>\n                    <\/div>\n                                                                                                    <div class=\"GutCol2-intro\">Nuestras soluciones educativas se dirigen tanto a los centros de formaci\u00f3n inicial como a los de formaci\u00f3n continua, con un objetivo com\u00fan: formar las competencias de hoy y de ma\u00f1ana.<\/div>\n                                                                                                    <div class=\"GutCol2-text Content\">\n                                        <p><b>Para la formaci\u00f3n inicial, <\/b>nuestros equipos pedag\u00f3gicos sirven de apoyo a los cursos de formaci\u00f3n b\u00e1sica que siguen los alumnos antes de acceder al mercado laboral. Se adaptan especialmente bien a las necesidades <span class=\"s1\">de los <\/span><b>centros de formaci\u00f3n de aprendices (CFA<\/b><span class=\"s1\">), las <\/span><b>escuelas profesionales <\/b><span class=\"s1\">y las <\/span><b>universidades<\/b><span class=\"s1\">.<\/span><\/p>\n<p class=\"p3\">Estas herramientas permiten poner en pr\u00e1ctica los conocimientos de forma pr\u00e1ctica, facilitando la adquisici\u00f3n de competencias esenciales para integrarse con \u00e9xito en el mundo profesional.<\/p>\n<p><b>Para la formaci\u00f3n continua, <\/b>nuestras soluciones responden a las necesidades de los profesionales en activo que desean <span class=\"s2\"><b>desarrollar, reciclar o actualizar sus competencias<\/b><\/span>. Adaptables y modulares, se integran perfectamente en los programas de formaci\u00f3n continua, sea cual sea el estatus o los objetivos de los alumnos.<\/p>\n<p>&nbsp;<\/p>\n<p><a class=\"Button-secondary\" href=\"https:\/\/exxotest.com\/es\/categorie-produit\/centros-de-formacion\/soluciones-educativas-mantenimiento-de-vehiculos-y-equipos\/\" target=\"_blank\" rel=\"noopener\">Descubra nuestras soluciones educativas<\/a><\/p>\n\n                                    <\/div>\n                                                            <\/div>\n                        <\/div>\n                                                                                                                                        <div class=\"GutCol2-wrap GutCol2-blocImage Right\">\n                                <picture class=\"GutCol2-picture\">\n                                    <img decoding=\"async\" src=\"\/cache\/images\/47aedb348047f234f6940fef965ba181\/gutenberg_image_2col_square.webp\"\n                                         alt=\"solutions p\u00e9dagogiques cfa\"\/>\n                                <\/picture>\n                                                            <\/div>\n                                                                                <\/div>\n    <\/div>\n\n\n<div class=\"GutText  GutContainer\">\n    <div class=\"GutText-inner\">\n                            <\/div>\n<\/div>\n\n    <div class=\"GutCol2 BgColor GutContainer\">\n        <div class=\"GutCol2-container Variable right\">\n\n            \n                                                                                                                                                            <div class=\"GutCol2-wrap GutCol2-blocImage Left\">\n                                <picture class=\"GutCol2-picture\">\n                                    <img decoding=\"async\" src=\"\/cache\/images\/b91535129095e09cd8e8ac2ec11528aa\/gutenberg_image_2col_cuadrado.webp\"\n                                         alt=\"syst\u00e8mes embarqu&amp;s \"\/>\n                                <\/picture>\n                                                            <\/div>\n                                                                                                                                    <div class=\"GutCol2-wrap GutCol2-blocTexte Right\">\n                            <div class=\"GutCol2-blocTexte--inner\">\n                                                                        <div class=\"GutTitle Left\">\n                            <h2 class=\"GutTitle-title\">Demostradores y material de formaci\u00f3n a medida<\/h2>\n                    <\/div>\n                                                                                                    <div class=\"GutCol2-intro\">Porque cada tecnolog\u00eda, cada profesi\u00f3n y cada necesidad de formaci\u00f3n es \u00fanica, Exxotest\u00ae dise\u00f1a y fabrica modelos y materiales de formaci\u00f3n totalmente personalizados.<\/div>\n                                                                                                    <div class=\"GutCol2-text Content\">\n                                        <p class=\"p1\">Trabajamos con usted para desarrollar sistemas a medida que se adapten perfectamente a sus sistemas de referencia, sus herramientas y sus objetivos pedag\u00f3gicos.<\/p>\n<p class=\"p1\">Desde la definici\u00f3n del pliego de condiciones hasta la industrializaci\u00f3n <span class=\"s1\"><b>ponemos nuestra experiencia en electr\u00f3nica de a bordo, diagn\u00f3stico y formaci\u00f3n t\u00e9cnica al servicio de los retos de su empresa<\/b><\/span>.<\/p>\n<p><a class=\"Button-secondary\" href=\"https:\/\/exxotest.com\/es\/material-de-demostracion-y-formacion-para-oem\/\" target=\"_blank\" rel=\"noopener\">Descubra nuestras soluciones a medida<\/a><\/p>\n\n                                    <\/div>\n                                                            <\/div>\n                        <\/div>\n                                                        <\/div>\n    <\/div>\n\n\n<div class=\"GutText  GutContainer\">\n    <div class=\"GutText-inner\">\n                            <\/div>\n<\/div>\n\n    <div class=\"GutCol2 BgColor GutContainer\">\n        <div class=\"GutCol2-container Variable left\">\n\n            \n                                                                                                                                <div class=\"GutCol2-wrap GutCol2-blocTexte Left\">\n                            <div class=\"GutCol2-blocTexte--inner\">\n                                                                        <div class=\"GutTitle Left\">\n                            <h2 class=\"GutTitle-title\">Nuestro compromiso con la excelencia<\/h2>\n                    <\/div>\n                                                                                                    <div class=\"GutCol2-intro\">Convencidos de que es a trav\u00e9s de las s\u00f3lidas competencias de sus equipos como nuestros clientes garantizan con \u00e9xito el despliegue continuo de tecnolog\u00edas nuevas e innovadoras, apoyamos a las organizaciones que promueven la formaci\u00f3n.<\/div>\n                                                                                                    <div class=\"GutCol2-text Content\">\n                                        <p class=\"p1\"><b>Como socio de Worldskills France y Euroskills, <\/b>llevamos varios a\u00f1os demostrando nuestro compromiso con estas competiciones internacionales.<\/p>\n<p class=\"p1\">Ponemos a disposici\u00f3n de los participantes equipos did\u00e1cticos de alta tecnolog\u00eda, garantizando un entorno \u00f3ptimo de aprendizaje y rendimiento. Nuestros expertos proporcionan apoyo durante las fases de preparaci\u00f3n y a lo largo de los eventos, compartiendo su experiencia y contribuyendo activamente a la excelencia de los j\u00f3venes profesionales. <\/p>\n<p><img decoding=\"async\" class=\"alignnone size-full wp-image-2433\" src=\"https:\/\/exxotest.com\/content\/uploads\/2025\/05\/Logo-worldskills-france.png\" alt=\"\" width=\"300\" height=\"234\">.  <img decoding=\"async\" class=\"alignnone size-medium wp-image-2516\" src=\"https:\/\/exxotest.com\/content\/uploads\/2025\/06\/euroskills-logo-Red-300x224.png\" alt=\"\" width=\"300\" height=\"224\" srcset=\"https:\/\/exxotest.com\/content\/uploads\/2025\/06\/euroskills-logo-Red-300x224.png 300w, https:\/\/exxotest.com\/content\/uploads\/2025\/06\/euroskills-logo-Red-1024x764.png 1024w, https:\/\/exxotest.com\/content\/uploads\/2025\/06\/euroskills-logo-Red-768x573.png 768w, https:\/\/exxotest.com\/content\/uploads\/2025\/06\/euroskills-logo-Red.png 1176w\" sizes=\"(max-width: 300px) 100vw, 300px\" \/><\/p>\n\n                                    <\/div>\n                                                            <\/div>\n                        <\/div>\n                                                                                                                                        <div class=\"GutCol2-wrap GutCol2-blocImage Right\">\n                                <picture class=\"GutCol2-picture\">\n                                    <img decoding=\"async\" src=\"\/cache\/images\/8ea3dd7bcc4621e2991a48afe2490d8a\/gutenberg_image_2col_campo.webp\"\n                                         alt=\"Exxotest_worldskills\"\/>\n                                <\/picture>\n                                                            <\/div>\n                                                                                <\/div>\n    <\/div>\n","protected":false},"excerpt":{"rendered":"","protected":false},"author":3,"featured_media":0,"parent":0,"menu_order":0,"comment_status":"closed","ping_status":"closed","template":"","meta":{"_acf_changed":false,"inline_featured_image":false,"footnotes":""},"class_list":["post-3987","page","type-page","status-publish","hentry"],"acf":[],"_links":{"self":[{"href":"https:\/\/exxotest.com\/es\/wp-json\/wp\/v2\/pages\/3987","targetHints":{"allow":["GET"]}}],"collection":[{"href":"https:\/\/exxotest.com\/es\/wp-json\/wp\/v2\/pages"}],"about":[{"href":"https:\/\/exxotest.com\/es\/wp-json\/wp\/v2\/types\/page"}],"author":[{"embeddable":true,"href":"https:\/\/exxotest.com\/es\/wp-json\/wp\/v2\/users\/3"}],"replies":[{"embeddable":true,"href":"https:\/\/exxotest.com\/es\/wp-json\/wp\/v2\/comments?post=3987"}],"version-history":[{"count":3,"href":"https:\/\/exxotest.com\/es\/wp-json\/wp\/v2\/pages\/3987\/revisions"}],"predecessor-version":[{"id":5545,"href":"https:\/\/exxotest.com\/es\/wp-json\/wp\/v2\/pages\/3987\/revisions\/5545"}],"wp:attachment":[{"href":"https:\/\/exxotest.com\/es\/wp-json\/wp\/v2\/media?parent=3987"}],"curies":[{"name":"wp","href":"https:\/\/api.w.org\/{rel}","templated":true}]}}