{"id":3994,"date":"2025-08-25T18:01:29","date_gmt":"2025-08-25T16:01:29","guid":{"rendered":"https:\/\/exxotest.com\/distribuidores-2\/"},"modified":"2026-01-20T13:30:02","modified_gmt":"2026-01-20T12:30:02","slug":"distribuidores-2","status":"publish","type":"page","link":"https:\/\/exxotest.com\/es\/distribuidores-2\/","title":{"rendered":"Distribuidores"},"content":{"rendered":"<div class=\"GutText  GutContainer\">\n    <div class=\"GutText-inner\">\n                                    <div class=\"GutText-wysiwyg Content\">\n                <blockquote><p>Para garantizar a nuestros clientes una asistencia local fiable, nos apoyamos en una red estructurada de socios y distribuidores, tanto en Francia como en el extranjero.<\/p><\/blockquote>\n<p>&nbsp;<\/p>\n<p><strong>Seleccionados por su experiencia t\u00e9cnica, su conocimiento del mercado y su compromiso con la calidad del servicio, estos socios contribuyen a promover las soluciones Exxotest\u00ae en los \u00e1mbitos del an\u00e1lisis, el diagn\u00f3stico y la formaci\u00f3n en redes de comunicaci\u00f3n a bordo.<\/strong><\/p>\n<p>&nbsp;<\/p>\n<p>Esta organizaci\u00f3n garantiza una representaci\u00f3n internacional coherente y a largo plazo, un servicio local adaptado a las necesidades locales espec\u00edficas y la continuidad de la calidad y fiabilidad que caracterizan a los productos y servicios de Exxotest\u00ae.<\/p>\n<p>La confianza depositada en nuestros socios y distribuidores es un pilar esencial de nuestro enfoque, destinado a ofrecer a los usuarios finales un apoyo acorde con los elevados est\u00e1ndares establecidos por Exxotest\u00ae.<\/p>\n<p>Le invitamos a descubrir a continuaci\u00f3n la lista de nuestros socios y distribuidores oficiales, verdaderos relevos de nuestro compromiso con cada cliente.<\/p>\n<p>&nbsp;<\/p>\n<p>&nbsp;<\/p>\n\n            <\/div>\n            <\/div>\n<\/div>\n\n<div class=\"GutSeparator Izquierda ilustraci\u00f3n1\">\n    <section class=\"Separator\">\n    <span class=\"Separator-line\"><\/span>\n    <div class=\"Separator-content\">\n        <svg class=\"Separator-logo\" xmlns=\"http:\/\/www.w3.org\/2000\/svg\" width=\"51.266\" height=\"28.556\" viewBox=\"0 0 51.266 28.556\"><g transform=\"translate(-839.768 -914.415)\"><path d=\"M278.912,20.66l-5.026,4.3v13.62l.019.029h8.136L275.3,28.347l8.966-7.688Z\" transform=\"translate(606.771 898.715)\" fill=\"#232a48\"\/><path d=\"M107.73,20.66l6.066,9.214L103.562,38.61l5.36.009,6.8-5.818.172.258V20.66Z\" transform=\"translate(736.207 898.715)\" fill=\"#232a48\"\/><path d=\"M159.893,0a4.949,4.949,0,0,0-4.96,4.96l3.129,4.75,5.551-4.75h5.351L160,12.647l6.743,10.263h-8.136l-3.672-5.551V23.6a4.949,4.949,0,0,0,4.96,4.96H178.53a4.949,4.949,0,0,0,4.96-4.96v-.715l-3.825-5.78-6.8,5.818-5.36-.01,10.234-8.737L171.672,4.96h8.164l3.129,4.75.525-.448V4.96A4.948,4.948,0,0,0,178.53,0Z\" transform=\"translate(697.168 914.415)\" fill=\"#232a48\"\/><\/g><\/svg>\n    <\/div>\n    <span class=\"Separator-line\"><\/span>\n<\/section>        <\/div>\n\n    <div class=\"GutAccordions  GutContainer\">\n        <div class=\"GutAccordions-inner\">\n                <div class=\"GutTitle Izquierda\">\n                            <h2 class=\"GutTitle-title\">Departamentos y territorios franceses de ultramar<\/h2>\n                    <\/div>\n                            <div class=\"GutAccordions-list\">\n                                            <div class=\"GutAccordions-item __accordion-parent\">\n                                                            <div class=\"GutAccordions-title __accordion-link\">\n                                    Guadalupe\n                                <\/div>\n                                                                                        <div class=\"GutAccordions-text Content __accordion-content\">\n                                    <p><strong>PRODIDAC<\/strong><\/p>\n<p>32, rue de Comboire<\/p>\n<p>38130 ECHIROLLES<\/p>\n<p>Contacto : EDY Jean-Luc<\/p>\n<p>+ 33 981 100 739<\/p>\n<p><a href=\"mailto:edy@prodidac.fr\">edy@prodidac.fr<\/a><\/p>\n\n                                <\/div>\n                                                    <\/div>\n                                            <div class=\"GutAccordions-item __accordion-parent\">\n                                                            <div class=\"GutAccordions-title __accordion-link\">\n                                    Guayana Francesa\n                                <\/div>\n                                                                                        <div class=\"GutAccordions-text Content __accordion-content\">\n                                    <p><strong>PRODIDAC<\/strong><\/p>\n<p>32, rue de Comboire<\/p>\n<p>38130 ECHIROLLES<\/p>\n<p>Contacto : EDY Jean-Luc<\/p>\n<p>+ 33 981 100 739<\/p>\n<p><a href=\"mailto:edy@prodidac.fr\">edy@prodidac.fr<\/a><\/p>\n\n                                <\/div>\n                                                    <\/div>\n                                            <div class=\"GutAccordions-item __accordion-parent\">\n                                                            <div class=\"GutAccordions-title __accordion-link\">\n                                    La Reuni\u00f3n\n                                <\/div>\n                                                                                        <div class=\"GutAccordions-text Content __accordion-content\">\n                                    <p>MADIBA<\/p>\n<p>5 chemin Emile Grosset<\/p>\n<p>97429 PETITE \u00ceLE<\/p>\n<p>Contacto: PIQUET Patrice<\/p>\n<p>02 62 88 55 89<\/p>\n<p><a href=\"mailto:patrice.piquet.pp@gmail.com\">patrice.piquet.pp@gmail.com<\/a><\/p>\n\n                                <\/div>\n                                                    <\/div>\n                                            <div class=\"GutAccordions-item __accordion-parent\">\n                                                            <div class=\"GutAccordions-title __accordion-link\">\n                                    Martinica\n                                <\/div>\n                                                                                        <div class=\"GutAccordions-text Content __accordion-content\">\n                                    <p><strong>PRODIDAC<\/strong><\/p>\n<p>32, rue de Comboire<\/p>\n<p>38130 ECHIROLLES<\/p>\n<p>Contacto : EDY Jean-Luc<\/p>\n<p>+ 33 981 100 739<\/p>\n<p><a href=\"mailto:edy@prodidac.fr\">edy@prodidac.fr<\/a><\/p>\n\n                                <\/div>\n                                                    <\/div>\n                                            <div class=\"GutAccordions-item __accordion-parent\">\n                                                            <div class=\"GutAccordions-title __accordion-link\">\n                                    Mayotte\n                                <\/div>\n                                                                                        <div class=\"GutAccordions-text Content __accordion-content\">\n                                    <p><strong>PRODIDAC<\/strong><\/p>\n<p>32, rue de Comboire<\/p>\n<p>38130 ECHIROLLES<\/p>\n<p>Contacto : EDY Jean-Luc<\/p>\n<p>+ 33 981 100 739<\/p>\n<p><a href=\"mailto:edy@prodidac.fr\">edy@prodidac.fr<\/a><\/p>\n\n                                <\/div>\n                                                    <\/div>\n                                            <div class=\"GutAccordions-item __accordion-parent\">\n                                                            <div class=\"GutAccordions-title __accordion-link\">\n                                    Polinesia Francesa\n                                <\/div>\n                                                                                        <div class=\"GutAccordions-text Content __accordion-content\">\n                                    <p><strong>TECHNIDIS<\/strong><\/p>\n<p>7 RUE DU FRERE ALAIN<\/p>\n<p>98714 PAPEETE TAHITI<\/p>\n<p>Contacto: PERMYN L\u00e9o<\/p>\n<p>689428301<\/p>\n<p><a href=\"mailto:technidis@mail.pf\">technidis@mail.pf<\/a><\/p>\n\n                                <\/div>\n                                                    <\/div>\n                                    <\/div>\n                    <\/div>\n    <\/div>\n\n\n<div class=\"GutSeparator Izquierda ilustraci\u00f3n1\">\n    <section class=\"Separator\">\n    <span class=\"Separator-line\"><\/span>\n    <div class=\"Separator-content\">\n        <svg class=\"Separator-logo\" xmlns=\"http:\/\/www.w3.org\/2000\/svg\" width=\"51.266\" height=\"28.556\" viewBox=\"0 0 51.266 28.556\"><g transform=\"translate(-839.768 -914.415)\"><path d=\"M278.912,20.66l-5.026,4.3v13.62l.019.029h8.136L275.3,28.347l8.966-7.688Z\" transform=\"translate(606.771 898.715)\" fill=\"#232a48\"\/><path d=\"M107.73,20.66l6.066,9.214L103.562,38.61l5.36.009,6.8-5.818.172.258V20.66Z\" transform=\"translate(736.207 898.715)\" fill=\"#232a48\"\/><path d=\"M159.893,0a4.949,4.949,0,0,0-4.96,4.96l3.129,4.75,5.551-4.75h5.351L160,12.647l6.743,10.263h-8.136l-3.672-5.551V23.6a4.949,4.949,0,0,0,4.96,4.96H178.53a4.949,4.949,0,0,0,4.96-4.96v-.715l-3.825-5.78-6.8,5.818-5.36-.01,10.234-8.737L171.672,4.96h8.164l3.129,4.75.525-.448V4.96A4.948,4.948,0,0,0,178.53,0Z\" transform=\"translate(697.168 914.415)\" fill=\"#232a48\"\/><\/g><\/svg>\n    <\/div>\n    <span class=\"Separator-line\"><\/span>\n<\/section>        <\/div>\n\n    <div class=\"GutAccordions  GutContainer\">\n        <div class=\"GutAccordions-inner\">\n                <div class=\"GutTitle Izquierda\">\n                            <h2 class=\"GutTitle-title\">Europa<\/h2>\n                    <\/div>\n                            <div class=\"GutAccordions-list\">\n                                            <div class=\"GutAccordions-item __accordion-parent\">\n                                                            <div class=\"GutAccordions-title __accordion-link\">\n                                    Alemania\n                                <\/div>\n                                                                                        <div class=\"GutAccordions-text Content __accordion-content\">\n                                    <p><img decoding=\"async\" class=\"alignnone size-full wp-image-5377 aligncenter\" src=\"https:\/\/exxotest.com\/content\/uploads\/2025\/09\/LogoWIRETRONIC400px.png\" alt=\"\" width=\"400\" height=\"105\"><\/p>\n<p><strong>WIRETRONIC Gmbh<\/strong><\/p>\n<p>Muelbergerstrasse 61<\/p>\n<p>73728 ESSLINGEN AM NECKAR<\/p>\n<p>Contacto: Charles-Henri GARIH<\/p>\n<p>+49 1721 63 50 53<\/p>\n<p><a href=\"mailto:charles-henri.garih@wiretronic.com\">charles-henri.garih@wiretronic.com<\/a><\/p>\n\n                                <\/div>\n                                                    <\/div>\n                                            <div class=\"GutAccordions-item __accordion-parent\">\n                                                            <div class=\"GutAccordions-title __accordion-link\">\n                                    B\u00e9lgica\n                                <\/div>\n                                                                                        <div class=\"GutAccordions-text Content __accordion-content\">\n                                    <p><strong>RH SERVICES<\/strong><\/p>\n<p>Rue G. Delersy 37<\/p>\n<p>6220 LAMBUSART<\/p>\n<p>Contacto: HERMAN Romuald<\/p>\n<p>+32(0)490.40.55.70<\/p>\n<p><a href=\"mailto:RH.services2015@outlook.com\">RH.services2015@outlook.com<\/a><\/p>\n\n                                <\/div>\n                                                    <\/div>\n                                            <div class=\"GutAccordions-item __accordion-parent\">\n                                                            <div class=\"GutAccordions-title __accordion-link\">\n                                    Espa\u00f1a\n                                <\/div>\n                                                                                        <div class=\"GutAccordions-text Content __accordion-content\">\n                                    <p><img decoding=\"async\" class=\"alignnone size-full wp-image-5374 aligncenter\" src=\"https:\/\/exxotest.com\/content\/uploads\/2025\/09\/LogoPRODEL400px.png\" alt=\"\" width=\"400\" height=\"93\"><\/p>\n<p><strong>PRODEL<\/strong><\/p>\n<p>Avda de Manoteras, 22<\/p>\n<p>Edif alfa 1 &#8211; officina 97-3a planta<\/p>\n<p>28050 MADRID<\/p>\n<p>Contacto: VICTORIA Fernando<\/p>\n<p>+34 91 383 83 35<\/p>\n<p><a href=\"mailto:fvictoria@prodel.es\">fvictoria@prodel.es<\/a><\/p>\n\n                                <\/div>\n                                                    <\/div>\n                                            <div class=\"GutAccordions-item __accordion-parent\">\n                                                            <div class=\"GutAccordions-title __accordion-link\">\n                                    Italia\n                                <\/div>\n                                                                                        <div class=\"GutAccordions-text Content __accordion-content\">\n                                    <p><img decoding=\"async\" class=\"alignnone size-full wp-image-5570 aligncenter\" src=\"https:\/\/exxotest.com\/content\/uploads\/2025\/09\/REIS-ELETTRONICA.png\" alt=\"\" width=\"400\" height=\"105\"><\/p>\n<p>&nbsp;<\/p>\n<p><strong>REIS ELETTRONICA<\/strong><\/p>\n<p>Via Tonale 30 &#8211; C.so Traiano 168\/A TO<\/p>\n<p>10127 TORINO<\/p>\n<p>Contacto: GUILLAUME David<\/p>\n<p>+39.348.8077869<\/p>\n<p><a href=\"mailto:david@reisel.com\">david@reisel.com<\/a><\/p>\n\n                                <\/div>\n                                                    <\/div>\n                                            <div class=\"GutAccordions-item __accordion-parent\">\n                                                            <div class=\"GutAccordions-title __accordion-link\">\n                                    Luxemburgo\n                                <\/div>\n                                                                                        <div class=\"GutAccordions-text Content __accordion-content\">\n                                    <p><strong>RH SERVICES<\/strong><\/p>\n<p>Rue G. Delersy 37<\/p>\n<p>6220 LAMBUSART (BE)<\/p>\n<p>Contacto: HERMAN Romuald<\/p>\n<p>+32(0)490\/40.55.70<\/p>\n<p><a href=\"mailto:RH.services2015@outlook.com\">RH.services2015@outlook.com<\/a><\/p>\n\n                                <\/div>\n                                                    <\/div>\n                                            <div class=\"GutAccordions-item __accordion-parent\">\n                                                            <div class=\"GutAccordions-title __accordion-link\">\n                                    Portugal\n                                <\/div>\n                                                                                        <div class=\"GutAccordions-text Content __accordion-content\">\n                                    <p><img decoding=\"async\" class=\"alignnone size-full wp-image-5374 aligncenter\" src=\"https:\/\/exxotest.com\/content\/uploads\/2025\/09\/LogoPRODEL400px.png\" alt=\"\" width=\"400\" height=\"93\"><\/p>\n<p><strong>PRODEL<\/strong><\/p>\n<p>Avda de Manoteras, 22<\/p>\n<p>Edif alfa 1 &#8211; officina 97-3a planta<\/p>\n<p>28050 MADRID (ES)<\/p>\n<p>Contacto: VICTORIA Fernando<\/p>\n<p>+34 91 383 83 35<\/p>\n<p><a href=\"mailto:fvictoria@prodel.es\">fvictoria@prodel.es<\/a><\/p>\n\n                                <\/div>\n                                                    <\/div>\n                                            <div class=\"GutAccordions-item __accordion-parent\">\n                                                            <div class=\"GutAccordions-title __accordion-link\">\n                                    Reino Unido\n                                <\/div>\n                                                                                        <div class=\"GutAccordions-text Content __accordion-content\">\n                                    <p><img decoding=\"async\" class=\"alignnone size-full wp-image-5368 aligncenter\" src=\"https:\/\/exxotest.com\/content\/uploads\/2025\/09\/LogoVTS400px-1.png\" alt=\"\" width=\"400\" height=\"120\"><\/p>\n<p style=\"text-align: left;\"><strong>SOLUCIONES DE ENSAYO DE VEH\u00cdCULOS VTS<\/strong><\/p>\n<p>Parque Newman &#8211; Camino del Oeste<\/p>\n<p>W Medios<\/p>\n<p>WS10 7BJ<\/p>\n<p>WEDNESBURY<\/p>\n<p>Persona de contacto: ORCHAN John<\/p>\n<p>+44 (0)203 633 5995<\/p>\n<p><a href=\"mailto:john.orchan@vtsonline.co.uk\">john.orchan@vtsonline.co.uk<\/a><\/p>\n\n                                <\/div>\n                                                    <\/div>\n                                    <\/div>\n                    <\/div>\n    <\/div>\n\n\n<div class=\"GutSeparator Izquierda ilustraci\u00f3n1\">\n    <section class=\"Separator\">\n    <span class=\"Separator-line\"><\/span>\n    <div class=\"Separator-content\">\n        <svg class=\"Separator-logo\" xmlns=\"http:\/\/www.w3.org\/2000\/svg\" width=\"51.266\" height=\"28.556\" viewBox=\"0 0 51.266 28.556\"><g transform=\"translate(-839.768 -914.415)\"><path d=\"M278.912,20.66l-5.026,4.3v13.62l.019.029h8.136L275.3,28.347l8.966-7.688Z\" transform=\"translate(606.771 898.715)\" fill=\"#232a48\"\/><path d=\"M107.73,20.66l6.066,9.214L103.562,38.61l5.36.009,6.8-5.818.172.258V20.66Z\" transform=\"translate(736.207 898.715)\" fill=\"#232a48\"\/><path d=\"M159.893,0a4.949,4.949,0,0,0-4.96,4.96l3.129,4.75,5.551-4.75h5.351L160,12.647l6.743,10.263h-8.136l-3.672-5.551V23.6a4.949,4.949,0,0,0,4.96,4.96H178.53a4.949,4.949,0,0,0,4.96-4.96v-.715l-3.825-5.78-6.8,5.818-5.36-.01,10.234-8.737L171.672,4.96h8.164l3.129,4.75.525-.448V4.96A4.948,4.948,0,0,0,178.53,0Z\" transform=\"translate(697.168 914.415)\" fill=\"#232a48\"\/><\/g><\/svg>\n    <\/div>\n    <span class=\"Separator-line\"><\/span>\n<\/section>        <\/div>\n\n    <div class=\"GutAccordions  GutContainer\">\n        <div class=\"GutAccordions-inner\">\n                <div class=\"GutTitle Left\">\n                            <h2 class=\"GutTitle-title\">Mundo<\/h2>\n                    <\/div>\n                            <div class=\"GutAccordions-list\">\n                                            <div class=\"GutAccordions-item __accordion-parent\">\n                                                            <div class=\"GutAccordions-title __accordion-link\">\n                                    Argentina\n                                <\/div>\n                                                                                        <div class=\"GutAccordions-text Content __accordion-content\">\n                                    <p><img decoding=\"async\" class=\"alignnone size-full wp-image-5562 aligncenter\" src=\"https:\/\/exxotest.com\/content\/uploads\/2025\/09\/INSUR.png\" alt=\"\" width=\"320\" height=\"107\"><\/p>\n<p>&nbsp;<\/p>\n<p><strong>INSUR<\/strong><\/p>\n<p>Gral. Vedia 477 <\/p>\n<p>Sarandi<\/p>\n<p>AVELLANEDA<\/p>\n<p>Persona de contacto: VALERIO Hector Luis<\/p>\n<p>+ 54 11 4227.3097<\/p>\n<p><a href=\"mailto:hectorluisvalerio@insur.com.ar\">hectorluisvalerio@insur.com.ar<\/a><\/p>\n\n                                <\/div>\n                                                    <\/div>\n                                            <div class=\"GutAccordions-item __accordion-parent\">\n                                                            <div class=\"GutAccordions-title __accordion-link\">\n                                    China\n                                <\/div>\n                                                                                        <div class=\"GutAccordions-text Content __accordion-content\">\n                                    <p style=\"text-align: center;\"><strong><img decoding=\"async\" class=\"alignnone size-full wp-image-5556\" src=\"https:\/\/exxotest.com\/content\/uploads\/2025\/09\/BEWON.png\" alt=\"\" width=\"597\" height=\"116\"><\/strong><\/p>\n<p>&nbsp;<\/p>\n<p style=\"text-align: left;\"><strong>Ingenier\u00eda de equipos electromec\u00e1nicos WuHan BiWang<\/strong><\/p>\n<p>Suite A8402 HuaYuan Business Plaza, No.16 ChuangYe Road, <\/p>\n<p>Zona de Desarrollo Econ\u00f3mico y Tecnol\u00f3gico de WuHan,<\/p>\n<p>Provincia de HuBei,<\/p>\n<p>430056;WUHAN<\/p>\n<p>Persona de contacto: LIU Dina<\/p>\n<p>+86-27-8275 7606<\/p>\n<p><a href=\"mailto:info@bewon.com.cn\">info@bewon.com.cn<\/a><\/p>\n\n                                <\/div>\n                                                    <\/div>\n                                            <div class=\"GutAccordions-item __accordion-parent\">\n                                                            <div class=\"GutAccordions-title __accordion-link\">\n                                    Corea del Sur\n                                <\/div>\n                                                                                        <div class=\"GutAccordions-text Content __accordion-content\">\n                                    <p><strong>N-BIZ<\/strong><\/p>\n<p>#608 Penterium IT Tower, 282 Hakeui Rd.,<\/p>\n<p>Dongan-gu, Anyang-si,<\/p>\n<p>431-810 GYEONGGI-DO<\/p>\n<p>Contacto: PARK Jinwoo<\/p>\n<p>+82 31 463 4144<\/p>\n<p><a href=\"mailto:jwp@n-biz.co.kr\">jwp@n-biz.co.kr<\/a><\/p>\n\n                                <\/div>\n                                                    <\/div>\n                                            <div class=\"GutAccordions-item __accordion-parent\">\n                                                            <div class=\"GutAccordions-title __accordion-link\">\n                                    India\n                                <\/div>\n                                                                                        <div class=\"GutAccordions-text Content __accordion-content\">\n                                    <p><img decoding=\"async\" class=\"alignnone size-full wp-image-5567 aligncenter\" src=\"https:\/\/exxotest.com\/content\/uploads\/2025\/09\/ZEN-MICROSYSTEMS.png\" alt=\"\" width=\"350\" height=\"121\"><\/p>\n<p>&nbsp;<\/p>\n<p><strong>ZEN MICROSYSTEMS<\/strong><\/p>\n<p>PRISTINE FONTANA &#8211; A Bldg, Flat No.: 607<\/p>\n<p>Near Maratha Mandir<\/p>\n<p>411021 BAVDHAN, PUNE<\/p>\n<p>Contacto: SAMANT Ashish<\/p>\n<p>+91-20-66747085<\/p>\n<p><a href=\"mailto:ashish@zenmicrosystems.co.in\">ashish@zenmicrosystems.co.in<\/a><\/p>\n\n                                <\/div>\n                                                    <\/div>\n                                            <div class=\"GutAccordions-item __accordion-parent\">\n                                                            <div class=\"GutAccordions-title __accordion-link\">\n                                    Maurice\n                                <\/div>\n                                                                                        <div class=\"GutAccordions-text Content __accordion-content\">\n                                    <p><strong>DSI Ltd<\/strong><\/p>\n<p>Royal Road<\/p>\n<p>80810 MOKA<\/p>\n<p>Contacto: POLIN Nadiil<\/p>\n<p>+ 230 433 56 95<\/p>\n<p><a href=\"mailto:dsi.print@intnet.mu\">dsi.print@intnet.mu<\/a><\/p>\n\n                                <\/div>\n                                                    <\/div>\n                                            <div class=\"GutAccordions-item __accordion-parent\">\n                                                            <div class=\"GutAccordions-title __accordion-link\">\n                                    M\u00e9xico\n                                <\/div>\n                                                                                        <div class=\"GutAccordions-text Content __accordion-content\">\n                                    <p><img decoding=\"async\" class=\"size-full wp-image-5579 aligncenter\" src=\"https:\/\/exxotest.com\/content\/uploads\/2025\/09\/LogoMEDIATEC400px.png\" alt=\"\" width=\"299\" height=\"154\"><\/p>\n<p>&nbsp;<\/p>\n<p><strong>MEDIATEC SA DE CV<\/strong><\/p>\n<p>Rio Panuco 173 &#8211; Colonia: Cuauhtemoc<\/p>\n<p>Delegacion: Cuauhtemoc<\/p>\n<p>06500 MEXICO DF<\/p>\n<p>Contacto: HERNANDEZ Judith<\/p>\n<p>+52 55 55 11 4455<\/p>\n<p><a href=\"mailto:aneth@grupo-mediatec.com\">aneth@grupo-mediatec.com<\/a><\/p>\n\n                                <\/div>\n                                                    <\/div>\n                                            <div class=\"GutAccordions-item __accordion-parent\">\n                                                            <div class=\"GutAccordions-title __accordion-link\">\n                                    Per\u00fa\n                                <\/div>\n                                                                                        <div class=\"GutAccordions-text Content __accordion-content\">\n                                    <p><img decoding=\"async\" class=\"alignnone size-full wp-image-6307\" src=\"https:\/\/exxotest.com\/content\/uploads\/2026\/01\/logo_mbc.png\" alt=\"\" width=\"209\" height=\"110\" \/><\/p>\n<p><strong>MBC SOLUCIONES<\/strong><\/p>\n<p>Calle Jos\u00e9 Gabriel Chariarse 618<\/p>\n<p>Urb. San Antonio, Miraflores<\/p>\n<p>LIMA<\/p>\n<p>Persona de contacto: Paul Quiroz<\/p>\n<p>51 1 296-888<\/p>\n<p><a title=\"mailto:pquiroz@mbc.pe\" href=\"mailto:pquiroz@mbc.pe\">pquiroz@mbc.pe<\/a><\/p>\n\n                                <\/div>\n                                                    <\/div>\n                                            <div class=\"GutAccordions-item __accordion-parent\">\n                                                            <div class=\"GutAccordions-title __accordion-link\">\n                                    Vietnam\n                                <\/div>\n                                                                                        <div class=\"GutAccordions-text Content __accordion-content\">\n                                    <p><strong>EQUIPO TAN PHAT<\/strong><\/p>\n<p>N\u00ba 168 Phan Trong Tue, <\/p>\n<p>Comuna de Thanh Liet,<\/p>\n<p>HA NOI<\/p>\n<p>Persona de contacto: NGUYEN Tue Minh<\/p>\n<p>+84-4-36812043<\/p>\n<p><a href=\"mailto:huyenxnk@tanphat.com\">huyenxnk@tanphat.com<\/a><\/p>\n\n                                <\/div>\n                                                    <\/div>\n                                    <\/div>\n                    <\/div>\n    <\/div>\n","protected":false},"excerpt":{"rendered":"","protected":false},"author":3,"featured_media":0,"parent":0,"menu_order":0,"comment_status":"closed","ping_status":"closed","template":"","meta":{"_acf_changed":false,"inline_featured_image":false,"footnotes":""},"class_list":["post-3994","page","type-page","status-publish","hentry"],"acf":[],"_links":{"self":[{"href":"https:\/\/exxotest.com\/es\/wp-json\/wp\/v2\/pages\/3994","targetHints":{"allow":["GET"]}}],"collection":[{"href":"https:\/\/exxotest.com\/es\/wp-json\/wp\/v2\/pages"}],"about":[{"href":"https:\/\/exxotest.com\/es\/wp-json\/wp\/v2\/types\/page"}],"author":[{"embeddable":true,"href":"https:\/\/exxotest.com\/es\/wp-json\/wp\/v2\/users\/3"}],"replies":[{"embeddable":true,"href":"https:\/\/exxotest.com\/es\/wp-json\/wp\/v2\/comments?post=3994"}],"version-history":[{"count":19,"href":"https:\/\/exxotest.com\/es\/wp-json\/wp\/v2\/pages\/3994\/revisions"}],"predecessor-version":[{"id":6311,"href":"https:\/\/exxotest.com\/es\/wp-json\/wp\/v2\/pages\/3994\/revisions\/6311"}],"wp:attachment":[{"href":"https:\/\/exxotest.com\/es\/wp-json\/wp\/v2\/media?parent=3994"}],"curies":[{"name":"wp","href":"https:\/\/api.w.org\/{rel}","templated":true}]}}