{"id":3997,"date":"2025-05-01T22:49:28","date_gmt":"2025-05-01T20:49:28","guid":{"rendered":"https:\/\/exxotest.com\/material-de-demostracion-y-formacion-para-oem\/"},"modified":"2025-10-20T10:46:08","modified_gmt":"2025-10-20T08:46:08","slug":"material-de-demostracion-y-formacion-para-oem","status":"publish","type":"page","link":"https:\/\/exxotest.com\/es\/material-de-demostracion-y-formacion-para-oem\/","title":{"rendered":"Material de demostraci\u00f3n y formaci\u00f3n para OEM"},"content":{"rendered":"<div class=\"GutText  GutContainer\">\n    <div class=\"GutText-inner\">\n                            <div class=\"GutText-intro Left\">Desde hace m\u00e1s de 25 a\u00f1os, ANNECY ELECTRONIQUE, con su marca Exxotest Education, dise\u00f1a soluciones pedag\u00f3gicas innovadoras, escalables y arraigadas en la realidad de la empresa.  <\/div>\n                    <\/div>\n<\/div>    <div class=\"GutBanner BgColor BgImage TextDark GutContainer\">\n                    <picture class=\"GutBanner-picture\">\n                <source srcset=\"\/cache\/images\/15a7bb3ab553b79d2e388e81455cadf2\/gutenberg_image_mobile.webp\" media=\"(max-width: 768px)\">\n                <source srcset=\"\/cache\/images\/15a7bb3ab553b79d2e388e81455cadf2\/gutenberg_image_tablette.webp\" media=\"(max-width: 992px)\">\n                <source srcset=\"\/cache\/images\/15a7bb3ab553b79d2e388e81455cadf2\/gutenberg_image_desktop.webp\" media=\"(min-width: 993px)\">\n                <img decoding=\"async\" class=\"GutBanner-img\" src=\"\/cache\/images\/15a7bb3ab553b79d2e388e81455cadf2\/gutenberg_image_desktop.webp\" alt=\"MT-MOTEUR-CHARGE-LATERAL\"\/>\n            <\/picture>\n                <div class=\"GutBanner-inner\">\n                            <h2 class=\"GutBanner-teaser1 Content\">\n                     \n                <\/h2>\n                                            <\/div>\n    <\/div>\n<div class=\"GutText  GutContainer\">\n    <div class=\"GutText-inner\">\n                            <\/div>\n<\/div>    <div class=\"GutPushArticles BgColor GutContainer\">\n        <div class=\"GutPushArticles-container\">\n                <div class=\"GutTitle Center\">\n                            <h2 class=\"GutTitle-title\">Material de demostraci\u00f3n y formaci\u00f3n para OEM<\/h2>\n                            <span class=\"GutTitle-subtitle\">Desarrollamos su material de formaci\u00f3n personalizado<\/span>\n            <\/div>\n            <div class=\"GutPushArticles-inner \">\n                                    <div class=\"GutPushArticles-container \" >\n                        <div class=\"GutPushArticles-list \">\n                                                            <div class=\"GutPushArticles-wrap \">\n                                                                            <picture class=\"GutPushArticles-picture\">\n                                            <img decoding=\"async\" src=\"\/cache\/images\/b91535129095e09cd8e8ac2ec11528aa\/gutenberg_image_push_articles.webp\" alt=\"syst\u00e8mes embarqu&amp;s \" \/>\n                                        <\/picture>\n                                                                        <div class=\"GutPushArticles-content\">\n                                                                                    <h2 class=\"GutPushArticles-title\">CASO DE USO &#8211; Frenos neum\u00e1ticos de remolque HALDEX EB+ 4.0<\/h2>\n                                                                                                                            <div class=\"GutPushArticles-text Content\">\n                                                En el marco del despliegue de su nueva plataforma de frenado neum\u00e1tico para remolques EB+ 4.0, nuestro cliente HALDEX nos confi\u00f3 el desarrollo y la producci\u00f3n de su material de formaci\u00f3n.\n                                            <\/div>\n                                                                                                                            <a class=\"Link-primary\" href=\"https:\/\/exxotest.com\/maquette-predagogique-exxotest-haldex\/\" target=\"_blank\">Descubra el modelo de freno neum\u00e1tico HALDEX EB+ 4.0<\/a>\n                                                                            <\/div>\n                                <\/div>\n                                                    <\/div>\n                                            <\/div>\n                                                <\/div>\n                    <\/div>\n    <\/div>\n","protected":false},"excerpt":{"rendered":"","protected":false},"author":3,"featured_media":0,"parent":0,"menu_order":0,"comment_status":"closed","ping_status":"closed","template":"","meta":{"_acf_changed":false,"inline_featured_image":false,"footnotes":""},"class_list":["post-3997","page","type-page","status-publish","hentry"],"acf":[],"_links":{"self":[{"href":"https:\/\/exxotest.com\/es\/wp-json\/wp\/v2\/pages\/3997","targetHints":{"allow":["GET"]}}],"collection":[{"href":"https:\/\/exxotest.com\/es\/wp-json\/wp\/v2\/pages"}],"about":[{"href":"https:\/\/exxotest.com\/es\/wp-json\/wp\/v2\/types\/page"}],"author":[{"embeddable":true,"href":"https:\/\/exxotest.com\/es\/wp-json\/wp\/v2\/users\/3"}],"replies":[{"embeddable":true,"href":"https:\/\/exxotest.com\/es\/wp-json\/wp\/v2\/comments?post=3997"}],"version-history":[{"count":8,"href":"https:\/\/exxotest.com\/es\/wp-json\/wp\/v2\/pages\/3997\/revisions"}],"predecessor-version":[{"id":6171,"href":"https:\/\/exxotest.com\/es\/wp-json\/wp\/v2\/pages\/3997\/revisions\/6171"}],"wp:attachment":[{"href":"https:\/\/exxotest.com\/es\/wp-json\/wp\/v2\/media?parent=3997"}],"curies":[{"name":"wp","href":"https:\/\/api.w.org\/{rel}","templated":true}]}}