{"id":4005,"date":"2025-02-03T15:08:12","date_gmt":"2025-02-03T14:08:12","guid":{"rendered":"https:\/\/exxotest.com\/politica-de-privacidad\/"},"modified":"2025-09-04T15:30:58","modified_gmt":"2025-09-04T13:30:58","slug":"politica-de-privacidad","status":"publish","type":"page","link":"https:\/\/exxotest.com\/es\/politica-de-privacidad\/","title":{"rendered":"Pol\u00edtica de privacidad"},"content":{"rendered":"<div class=\"GutText  GutContainer\">\n    <div class=\"GutText-inner\">\n                                    <div class=\"GutText-wysiwyg Content\">\n                <h5 style=\"text-align: center;\"><strong>Protecci\u00f3n de datos personales<\/strong><\/h5>\n<p>&nbsp;<\/p>\n<h5>Art\u00edculo 1 &#8211; Introducci\u00f3n<\/h5>\n<p>La presente pol\u00edtica de privacidad tiene por objeto informar a los usuarios del sitio web <a href=\"http:\/\/www.exxotest.com\">www.exxotest.com<\/a> sobre la recogida, uso y protecci\u00f3n de sus datos personales de conformidad con el <strong>Reglamento General de Protecci\u00f3n de Datos (RGPD<\/strong> ) y la legislaci\u00f3n vigente.<\/p>\n<p>&nbsp;<\/p>\n<h5>Art\u00edculo 2 &#8211; Datos recogidos<\/h5>\n<p>2.1 Recogida de datos personales<\/p>\n<p>En este sitio se recogen los siguientes datos personales:<\/p>\n<ul>\n<li>Datos de conexi\u00f3n: direcci\u00f3n IP, tipo de navegador, p\u00e1ginas visitadas, duraci\u00f3n de la conexi\u00f3n (mediante cookies y herramientas anal\u00edticas)<\/li>\n<li>Datos del formulario de contacto: apellidos, nombre, cargo (si se indica), empresa, tel\u00e9fono, direcci\u00f3n de correo electr\u00f3nico, asunto, comentario o mensaje.<\/li>\n<li>Cookies: se utilizan cookies al utilizar el sitio web. Los usuarios pueden desactivar las cookies mediante la configuraci\u00f3n de su navegador o a trav\u00e9s del banner de gesti\u00f3n de cookies del sitio. <\/li>\n<\/ul>\n<p>&nbsp;<\/p>\n<p>2.2 Utilizaci\u00f3n de datos personales<\/p>\n<p>Los datos personales recogidos se utilizan para los siguientes fines:<\/p>\n<ul>\n<li>Garantizar el buen funcionamiento y la seguridad de las instalaciones;<\/li>\n<li>responder a las solicitudes a trav\u00e9s del formulario de contacto;<\/li>\n<li>mejorar la experiencia del usuario gracias a las estad\u00edsticas de visitas.<\/li>\n<\/ul>\n<p>&nbsp;<\/p>\n<p>2.3 Base jur\u00eddica del tratamiento<\/p>\n<p>El tratamiento de datos se basa en :<\/p>\n<ul>\n<li>El inter\u00e9s leg\u00edtimo del Sitio en garantizar su correcto funcionamiento y seguridad.<\/li>\n<li>El consentimiento del usuario para realizar solicitudes a trav\u00e9s del formulario de contacto.<\/li>\n<\/ul>\n<p>&nbsp;<\/p>\n<p>2.4 Intercambio y transferencia de datos<\/p>\n<p>Los datos personales recogidos se destinan exclusivamente a ANNECY ELECTRONIQUE y no se comparten ni se ceden a terceros, salvo obligaci\u00f3n legal.<\/p>\n<p>&nbsp;<\/p>\n<p>2.5 Caducidad<\/p>\n<ul>\n<li>Datos de conexi\u00f3n: se conservan durante 6 meses por motivos de seguridad y an\u00e1lisis.<\/li>\n<li>Datos del formulario de contacto: se conservan un m\u00e1ximo de 12 meses para hacer un seguimiento de las solicitudes.<\/li>\n<\/ul>\n<p>&nbsp;<\/p>\n<p>2.6 Seguridad y confidencialidad<\/p>\n<p>El sitio aplica medidas de seguridad organizativas, t\u00e9cnicas, inform\u00e1ticas y f\u00edsicas digitales para proteger los datos personales contra la alteraci\u00f3n, la destrucci\u00f3n y el acceso no autorizado. No obstante, debe tenerse en cuenta que Internet no es un entorno completamente seguro y que el sitio no puede garantizar la seguridad de la transmisi\u00f3n o el almacenamiento de informaci\u00f3n en Internet. <\/p>\n<p>&nbsp;<\/p>\n<p>2.7 Aplicaci\u00f3n de los derechos de los usuarios<\/p>\n<p>De conformidad con la Ley francesa de Protecci\u00f3n de Datos n\u00ba 78-17 de 6 de enero de 1978 modificada y el Reglamento General de Protecci\u00f3n de Datos de la UE 2016\/679 (RGPD), los usuarios tienen los siguientes derechos:<\/p>\n<ul>\n<li>Derecho de acceso, rectificaci\u00f3n y supresi\u00f3n de sus datos;<\/li>\n<li>Derecho de oposici\u00f3n y limitaci\u00f3n del tratamiento ;<\/li>\n<li>Derecho a retirar el consentimiento en cualquier momento.<\/li>\n<\/ul>\n<p>Pueden ejercer su derecho de acceso escribiendo a la siguiente direcci\u00f3n de correo electr\u00f3nico: <a href=\"mailto:dpo@exxotest.com\">dpo@exxotest.com<\/a><\/p>\n<p>En este caso, antes de ejercer este derecho, el sitio podr\u00e1 solicitar una prueba de la identidad del usuario con el fin de verificar su exactitud.<\/p>\n<p>&nbsp;<\/p>\n<h5>Art\u00edculo 3 &#8211; Modificaciones de la presente pol\u00edtica<\/h5>\n<p>El Sitio se reserva el derecho de modificar en cualquier momento la presente pol\u00edtica de confidencialidad relativa a la protecci\u00f3n de datos personales.<!--more--><\/p>\n\n            <\/div>\n            <\/div>\n<\/div>","protected":false},"excerpt":{"rendered":"","protected":false},"author":1,"featured_media":0,"parent":0,"menu_order":0,"comment_status":"closed","ping_status":"open","template":"","meta":{"_acf_changed":false,"inline_featured_image":false,"footnotes":""},"class_list":["post-4005","page","type-page","status-publish","hentry"],"acf":[],"_links":{"self":[{"href":"https:\/\/exxotest.com\/es\/wp-json\/wp\/v2\/pages\/4005","targetHints":{"allow":["GET"]}}],"collection":[{"href":"https:\/\/exxotest.com\/es\/wp-json\/wp\/v2\/pages"}],"about":[{"href":"https:\/\/exxotest.com\/es\/wp-json\/wp\/v2\/types\/page"}],"author":[{"embeddable":true,"href":"https:\/\/exxotest.com\/es\/wp-json\/wp\/v2\/users\/1"}],"replies":[{"embeddable":true,"href":"https:\/\/exxotest.com\/es\/wp-json\/wp\/v2\/comments?post=4005"}],"version-history":[{"count":2,"href":"https:\/\/exxotest.com\/es\/wp-json\/wp\/v2\/pages\/4005\/revisions"}],"predecessor-version":[{"id":4007,"href":"https:\/\/exxotest.com\/es\/wp-json\/wp\/v2\/pages\/4005\/revisions\/4007"}],"wp:attachment":[{"href":"https:\/\/exxotest.com\/es\/wp-json\/wp\/v2\/media?parent=4005"}],"curies":[{"name":"wp","href":"https:\/\/api.w.org\/{rel}","templated":true}]}}