{"id":4018,"date":"2025-04-14T14:41:02","date_gmt":"2025-04-14T12:41:02","guid":{"rendered":"https:\/\/exxotest.com\/contratacion\/"},"modified":"2025-09-04T15:31:09","modified_gmt":"2025-09-04T13:31:09","slug":"contratacion","status":"publish","type":"page","link":"https:\/\/exxotest.com\/es\/contratacion\/","title":{"rendered":"Contrataci\u00f3n"},"content":{"rendered":"<div class=\"GutText  GutContainer\">\n    <div class=\"GutText-inner\">\n            <div class=\"GutTitle Izquierda\">\n                            <h2 class=\"GutTitle-title\">\u00danete a la aventura Exxotest<\/h2>\n                    <\/div>\n                    <div class=\"GutText-intro Izquierda\">En ANNECY ELECTRONIQUE &#8211; Exxotest\u00ae, llevamos m\u00e1s de 30 a\u00f1os desarrollando soluciones electr\u00f3nicas y educativas para apoyar el desarrollo de los veh\u00edculos y m\u00e1quinas del ma\u00f1ana.<\/div>\n                            <div class=\"GutText-wysiwyg Content\">\n                <p class=\"p1\">Nuestra fuerza reside en la complementariedad de nuestros equipos, que trabajan cada d\u00eda para imaginar, dise\u00f1ar y desplegar herramientas innovadoras para la industria y la educaci\u00f3n.<\/p>\n<p class=\"p1\">Cuando se una a nosotros, entrar\u00e1 a formar parte de una empresa a escala humana, arraigada en la regi\u00f3n de Annecy pero con una perspectiva internacional, en la que cada miembro del personal contribuye directamente a nuestro \u00e9xito colectivo.<\/p>\n<p class=\"p1\">Creemos en el intercambio de conocimientos, la asunci\u00f3n de riesgos tecnol\u00f3gicos y el desarrollo del talento.<\/p>\n<p class=\"p1\">Tanto si eres estudiante, reci\u00e9n licenciado o profesional con experiencia, podemos ofrecerte proyectos estimulantes, un entorno de colaboraci\u00f3n y la oportunidad de desarrollarte dentro de un grupo en crecimiento.<\/p>\n<p class=\"p1\">\ud83d\udc49 Descubre m\u00e1s sobre nuestras oportunidades y ayuda a escribir la siguiente p\u00e1gina de la historia de Exxotest\u00ae.<\/p>\n\n            <\/div>\n            <\/div>\n<\/div><div class=\"GutSeparator Izquierda ilustraci\u00f3n1\">\n    <section class=\"Separator\">\n    <span class=\"Separator-line\"><\/span>\n    <div class=\"Separator-content\">\n        <svg class=\"Separator-logo\" xmlns=\"http:\/\/www.w3.org\/2000\/svg\" width=\"51.266\" height=\"28.556\" viewBox=\"0 0 51.266 28.556\"><g transform=\"translate(-839.768 -914.415)\"><path d=\"M278.912,20.66l-5.026,4.3v13.62l.019.029h8.136L275.3,28.347l8.966-7.688Z\" transform=\"translate(606.771 898.715)\" fill=\"#232a48\"\/><path d=\"M107.73,20.66l6.066,9.214L103.562,38.61l5.36.009,6.8-5.818.172.258V20.66Z\" transform=\"translate(736.207 898.715)\" fill=\"#232a48\"\/><path d=\"M159.893,0a4.949,4.949,0,0,0-4.96,4.96l3.129,4.75,5.551-4.75h5.351L160,12.647l6.743,10.263h-8.136l-3.672-5.551V23.6a4.949,4.949,0,0,0,4.96,4.96H178.53a4.949,4.949,0,0,0,4.96-4.96v-.715l-3.825-5.78-6.8,5.818-5.36-.01,10.234-8.737L171.672,4.96h8.164l3.129,4.75.525-.448V4.96A4.948,4.948,0,0,0,178.53,0Z\" transform=\"translate(697.168 914.415)\" fill=\"#232a48\"\/><\/g><\/svg>\n    <\/div>\n    <span class=\"Separator-line\"><\/span>\n<\/section>        <\/div><div class=\"GutText  GutContainer\">\n    <div class=\"GutText-inner\">\n            <div class=\"GutTitle Izquierda\">\n                            <h2 class=\"GutTitle-title\">T\u00e9cnico comercial itinerante &#8211; Soluciones educativas<\/h2>\n                    <\/div>\n                            <div class=\"GutText-wysiwyg Content\">\n                <p><strong>\u00c1mbito de trabajo :<\/strong><\/p>\n<p>En dependencia del Jefe de Did\u00e1ctica, sus responsabilidades incluir\u00e1n :<\/p>\n<p>&nbsp;<\/p>\n<p>Tareas principales:<\/p>\n<p>&nbsp;<\/p>\n<ul>\n<li>Retener a los clientes existentes en la mitad de Francia<\/li>\n<li>Visitas de clientes (50% de las veces)<\/li>\n<li>Encontrar nuevos clientes para la actividad docente<\/li>\n<li>Actuar como contacto t\u00e9cnico del cliente para la instalaci\u00f3n, puesta en marcha, formaci\u00f3n y uso del producto.<\/li>\n<li>Realizar demostraciones de productos<\/li>\n<li>Elaboraci\u00f3n de presupuestos<\/li>\n<li>Introducci\u00f3n de pedidos<\/li>\n<li>Iniciar las hojas de reclamaciones de los clientes y supervisar su tramitaci\u00f3n<\/li>\n<li>Retroalimentarse con informaci\u00f3n del terreno: necesidades, competencia, precios, vigilancia tecnol\u00f3gica, etc.<\/li>\n<li>Participar en diversas ferias y eventos relacionados con la ense\u00f1anza<\/li>\n<\/ul>\n<p>&nbsp;<\/p>\n<p>Misiones secundarias:<\/p>\n<p>&nbsp;<\/p>\n<ul>\n<li>Participar en las pruebas y el desarrollo de nuevos productos<\/li>\n<li>Participar en la redacci\u00f3n de las instrucciones de uso de los productos<\/li>\n<li>Participar en la elaboraci\u00f3n de especificaciones preliminares en respuesta a los requisitos de los clientes.<\/li>\n<\/ul>\n<p><strong> <\/strong><\/p>\n<p><strong>Formaci\u00f3n :  <\/strong><\/p>\n<p>Posee una titulaci\u00f3n BTS MV o BTS Comercial con conocimientos de tecnolog\u00edas de automoci\u00f3n.<\/p>\n<p>&nbsp;<\/p>\n<p><strong> <\/strong><\/p>\n<p><strong> <\/strong><\/p>\n<p><strong>Experiencia profesional :  <\/strong><\/p>\n<p><strong> <\/strong><\/p>\n<p>Tiene al menos 2 a\u00f1os de experiencia exitosa, idealmente adquirida en un taller de postventa y\/o en un puesto de ventas.<\/p>\n<p><strong> <\/strong><\/p>\n<p><strong> <\/strong><\/p>\n<p><strong>Competencias deseadas :<\/strong><\/p>\n<p><strong> <\/strong><\/p>\n<ul>\n<li>Eres capaz de realizar prospecci\u00f3n comercial (B2B)<\/li>\n<li>Domina las t\u00e9cnicas de venta y sabe celebrar contratos.<\/li>\n<li>Es capaz de redactar propuestas comerciales<\/li>\n<li>Ser\u00e1s capaz de construir y proponer un discurso de venta de productos adaptado a las necesidades del cliente.<\/li>\n<li>Domina el ingl\u00e9s y puede hablar una o m\u00e1s lenguas extranjeras.<\/li>\n<li>Dominio de las herramientas ofim\u00e1ticas<\/li>\n<\/ul>\n<p><strong>Cualidades esperadas :  <\/strong><\/p>\n<p><strong> <\/strong><\/p>\n<ul>\n<li>Es capaz de trabajar <strong>de forma independiente<\/strong>, sin supervisi\u00f3n constante, tomando la <strong>iniciativa<\/strong> y gestionando su tiempo y sus responsabilidades con eficacia.<\/li>\n<li>Siente <strong>curiosidad por<\/strong> su entorno profesional<\/li>\n<li><strong>Organizado y riguroso<\/strong>, sigue un m\u00e9todo de trabajo estructurado y respeta las mejores pr\u00e1cticas.<\/li>\n<li>Le gusta <strong>trabajar en equipo<\/strong><\/li>\n<li>Su <strong>sentido del servicio <\/strong>y sus habilidades <strong>interpersonales<\/strong> le hacen ser apreciado y saber escuchar.<\/li>\n<\/ul>\n<p><strong> <\/strong><\/p>\n<p><strong>Tipo de contrato :  <\/strong><\/p>\n<p><strong> <\/strong><\/p>\n<p>Contrato indefinido &#8211; Clasificaci\u00f3n no directiva (salario fijo anual de 218 d\u00edas + RTT)<\/p>\n<p>&nbsp;<\/p>\n<p><strong>Remuneraci\u00f3n :  <\/strong><\/p>\n<p><strong> <\/strong><\/p>\n<p>Escala salarial anual a tiempo completo durante 12 meses: salario fijo entre 28.000 y 33.000 euros + variable en funci\u00f3n de la experiencia y el perfil<\/p>\n<p>&nbsp;<\/p>\n<p><strong>Ventajas :  <\/strong><\/p>\n<p><strong> <\/strong><\/p>\n<p>Coche de empresa \/ Tarjeta de carburante \/ Plan de incentivos \/ Cuenta de ahorro-tiempo \/ Cheques restaurante \/ Posibilidad de teletrabajo \/ Seguro de enfermedad familiar<\/p>\n<p><strong> <\/strong><\/p>\n<p><strong> <\/strong><\/p>\n<p><strong>\u00bfTe interesa esta oportunidad y quieres unirte a un equipo en el que la escucha y los conocimientos t\u00e9cnicos son la base de nuestro \u00e9xito compartido?<\/strong><\/p>\n<p>Por favor, env\u00ede su CV, carta de presentaci\u00f3n, disponibilidad y expectativas salariales al Departamento de RRHH: <a href=\"mailto:recrutement@ascotronics.com\">recrutement@ascotronics.com<\/a><\/p>\n<p><strong><u>Este puesto est\u00e1 abierto a cualquier persona con discapacidad<\/u><\/strong><\/p>\n\n            <\/div>\n            <\/div>\n<\/div>","protected":false},"excerpt":{"rendered":"","protected":false},"author":1,"featured_media":0,"parent":0,"menu_order":0,"comment_status":"closed","ping_status":"closed","template":"","meta":{"_acf_changed":false,"inline_featured_image":false,"footnotes":""},"class_list":["post-4018","page","type-page","status-publish","hentry"],"acf":[],"_links":{"self":[{"href":"https:\/\/exxotest.com\/es\/wp-json\/wp\/v2\/pages\/4018","targetHints":{"allow":["GET"]}}],"collection":[{"href":"https:\/\/exxotest.com\/es\/wp-json\/wp\/v2\/pages"}],"about":[{"href":"https:\/\/exxotest.com\/es\/wp-json\/wp\/v2\/types\/page"}],"author":[{"embeddable":true,"href":"https:\/\/exxotest.com\/es\/wp-json\/wp\/v2\/users\/1"}],"replies":[{"embeddable":true,"href":"https:\/\/exxotest.com\/es\/wp-json\/wp\/v2\/comments?post=4018"}],"version-history":[{"count":2,"href":"https:\/\/exxotest.com\/es\/wp-json\/wp\/v2\/pages\/4018\/revisions"}],"predecessor-version":[{"id":4022,"href":"https:\/\/exxotest.com\/es\/wp-json\/wp\/v2\/pages\/4018\/revisions\/4022"}],"wp:attachment":[{"href":"https:\/\/exxotest.com\/es\/wp-json\/wp\/v2\/media?parent=4018"}],"curies":[{"name":"wp","href":"https:\/\/api.w.org\/{rel}","templated":true}]}}