{"id":4110,"date":"2017-08-30T12:38:59","date_gmt":"2017-08-30T10:38:59","guid":{"rendered":"https:\/\/exxotest.com\/produits\/muxtrace-aplicacion-de-analisis-de-redes-can-y-lin-diagnostico-sobre-can-k-l\/"},"modified":"2025-09-04T16:09:15","modified_gmt":"2025-09-04T14:09:15","slug":"muxtrace-aplicacion-de-analisis-de-redes-can-y-lin-diagnostico-sobre-can-k-l","status":"publish","type":"product","link":"https:\/\/exxotest.com\/es\/produit\/muxtrace-aplicacion-de-analisis-de-redes-can-y-lin-diagnostico-sobre-can-k-l\/","title":{"rendered":"MUXTRACE &#8211; Aplicaci\u00f3n de an\u00e1lisis de redes CAN y LIN, Diagn\u00f3stico sobre CAN, K-L, &#8230;"},"content":{"rendered":"","protected":false},"featured_media":0,"template":"","product_family":[100,110],"product_category":[116],"product_sector":[90,96,97,92],"class_list":["post-4110","product","type-product","status-publish","hentry","product_family-fabricantes-proveedores-de-equipos","product_family-herramientas-de-analisis-para-redes-de-comunicacion-a-bordo","product_category-aplicaciones-para-pc","product_sector-agricultura","product_sector-construccion-y-manipulacion","product_sector-moto","product_sector-turismos"],"acf":[],"_links":{"self":[{"href":"https:\/\/exxotest.com\/es\/wp-json\/wp\/v2\/product\/4110","targetHints":{"allow":["GET"]}}],"collection":[{"href":"https:\/\/exxotest.com\/es\/wp-json\/wp\/v2\/product"}],"about":[{"href":"https:\/\/exxotest.com\/es\/wp-json\/wp\/v2\/types\/product"}],"version-history":[{"count":1,"href":"https:\/\/exxotest.com\/es\/wp-json\/wp\/v2\/product\/4110\/revisions"}],"predecessor-version":[{"id":4112,"href":"https:\/\/exxotest.com\/es\/wp-json\/wp\/v2\/product\/4110\/revisions\/4112"}],"wp:attachment":[{"href":"https:\/\/exxotest.com\/es\/wp-json\/wp\/v2\/media?parent=4110"}],"wp:term":[{"taxonomy":"product_family","embeddable":true,"href":"https:\/\/exxotest.com\/es\/wp-json\/wp\/v2\/product_family?post=4110"},{"taxonomy":"product_category","embeddable":true,"href":"https:\/\/exxotest.com\/es\/wp-json\/wp\/v2\/product_category?post=4110"},{"taxonomy":"product_sector","embeddable":true,"href":"https:\/\/exxotest.com\/es\/wp-json\/wp\/v2\/product_sector?post=4110"}],"curies":[{"name":"wp","href":"https:\/\/api.w.org\/{rel}","templated":true}]}}