{"id":4143,"date":"2017-10-04T14:21:17","date_gmt":"2017-10-04T12:21:17","guid":{"rendered":"https:\/\/exxotest.com\/produits\/software-de-visualizacion-y-analisis-de-senales-electricas\/"},"modified":"2025-09-04T16:09:28","modified_gmt":"2025-09-04T14:09:28","slug":"software-de-visualizacion-y-analisis-de-senales-electricas","status":"publish","type":"product","link":"https:\/\/exxotest.com\/es\/produit\/software-de-visualizacion-y-analisis-de-senales-electricas\/","title":{"rendered":"Software de visualizaci\u00f3n y an\u00e1lisis de se\u00f1ales el\u00e9ctricas."},"content":{"rendered":"","protected":false},"featured_media":0,"template":"","product_family":[95,94],"product_category":[102],"product_sector":[90,96,97,98,99,92,91],"class_list":["post-4143","product","type-product","status-publish","hentry","product_family-centros-de-formacion","product_family-soluciones-educativas-mantenimiento-de-vehiculos-y-equipos","product_category-medida","product_sector-agricultura","product_sector-construccion-y-manipulacion","product_sector-moto","product_sector-navegacion","product_sector-parques-y-jardines","product_sector-turismos","product_sector-vehiculos-de-transporte"],"acf":[],"_links":{"self":[{"href":"https:\/\/exxotest.com\/es\/wp-json\/wp\/v2\/product\/4143","targetHints":{"allow":["GET"]}}],"collection":[{"href":"https:\/\/exxotest.com\/es\/wp-json\/wp\/v2\/product"}],"about":[{"href":"https:\/\/exxotest.com\/es\/wp-json\/wp\/v2\/types\/product"}],"version-history":[{"count":1,"href":"https:\/\/exxotest.com\/es\/wp-json\/wp\/v2\/product\/4143\/revisions"}],"predecessor-version":[{"id":4144,"href":"https:\/\/exxotest.com\/es\/wp-json\/wp\/v2\/product\/4143\/revisions\/4144"}],"wp:attachment":[{"href":"https:\/\/exxotest.com\/es\/wp-json\/wp\/v2\/media?parent=4143"}],"wp:term":[{"taxonomy":"product_family","embeddable":true,"href":"https:\/\/exxotest.com\/es\/wp-json\/wp\/v2\/product_family?post=4143"},{"taxonomy":"product_category","embeddable":true,"href":"https:\/\/exxotest.com\/es\/wp-json\/wp\/v2\/product_category?post=4143"},{"taxonomy":"product_sector","embeddable":true,"href":"https:\/\/exxotest.com\/es\/wp-json\/wp\/v2\/product_sector?post=4143"}],"curies":[{"name":"wp","href":"https:\/\/api.w.org\/{rel}","templated":true}]}}