{"id":4217,"date":"2017-10-04T14:18:59","date_gmt":"2017-10-04T12:18:59","guid":{"rendered":"https:\/\/exxotest.com\/produits\/modelo-educativo-multimedia-3d-de-vehiculo-hibrido-con-paquete-de-software-serious-game-animaciones-y-video-3d\/"},"modified":"2025-09-04T16:09:41","modified_gmt":"2025-09-04T14:09:41","slug":"modelo-educativo-multimedia-3d-de-vehiculo-hibrido-con-paquete-de-software-serious-game-animaciones-y-video-3d","status":"publish","type":"product","link":"https:\/\/exxotest.com\/es\/produit\/modelo-educativo-multimedia-3d-de-vehiculo-hibrido-con-paquete-de-software-serious-game-animaciones-y-video-3d\/","title":{"rendered":"Modelo educativo multimedia 3D de veh\u00edculo H\u00cdBRIDO con paquete de software Serious Game, animaciones y v\u00eddeo 3D"},"content":{"rendered":"","protected":false},"featured_media":0,"template":"","product_family":[95,94],"product_category":[125],"product_sector":[92],"class_list":["post-4217","product","type-product","status-publish","hentry","product_family-centros-de-formacion","product_family-soluciones-educativas-mantenimiento-de-vehiculos-y-equipos","product_category-energias-alternativas","product_sector-turismos"],"acf":[],"_links":{"self":[{"href":"https:\/\/exxotest.com\/es\/wp-json\/wp\/v2\/product\/4217","targetHints":{"allow":["GET"]}}],"collection":[{"href":"https:\/\/exxotest.com\/es\/wp-json\/wp\/v2\/product"}],"about":[{"href":"https:\/\/exxotest.com\/es\/wp-json\/wp\/v2\/types\/product"}],"version-history":[{"count":1,"href":"https:\/\/exxotest.com\/es\/wp-json\/wp\/v2\/product\/4217\/revisions"}],"predecessor-version":[{"id":4218,"href":"https:\/\/exxotest.com\/es\/wp-json\/wp\/v2\/product\/4217\/revisions\/4218"}],"wp:attachment":[{"href":"https:\/\/exxotest.com\/es\/wp-json\/wp\/v2\/media?parent=4217"}],"wp:term":[{"taxonomy":"product_family","embeddable":true,"href":"https:\/\/exxotest.com\/es\/wp-json\/wp\/v2\/product_family?post=4217"},{"taxonomy":"product_category","embeddable":true,"href":"https:\/\/exxotest.com\/es\/wp-json\/wp\/v2\/product_category?post=4217"},{"taxonomy":"product_sector","embeddable":true,"href":"https:\/\/exxotest.com\/es\/wp-json\/wp\/v2\/product_sector?post=4217"}],"curies":[{"name":"wp","href":"https:\/\/api.w.org\/{rel}","templated":true}]}}