{"id":4301,"date":"2017-10-04T14:19:37","date_gmt":"2017-10-04T12:19:37","guid":{"rendered":"https:\/\/exxotest.com\/produits\/modulo-didactico-multiplexacion\/"},"modified":"2025-09-04T16:10:04","modified_gmt":"2025-09-04T14:10:04","slug":"modulo-didactico-multiplexacion","status":"publish","type":"product","link":"https:\/\/exxotest.com\/es\/produit\/modulo-didactico-multiplexacion\/","title":{"rendered":"M\u00f3dulo did\u00e1ctico &#8220;Multiplexaci\u00f3n"},"content":{"rendered":"","protected":false},"featured_media":0,"template":"","product_family":[95,94],"product_category":[112],"product_sector":[90,97,92,91],"class_list":["post-4301","product","type-product","status-publish","hentry","product_family-centros-de-formacion","product_family-soluciones-educativas-mantenimiento-de-vehiculos-y-equipos","product_category-redes-multiplexadas","product_sector-agricultura","product_sector-moto","product_sector-turismos","product_sector-vehiculos-de-transporte"],"acf":[],"_links":{"self":[{"href":"https:\/\/exxotest.com\/es\/wp-json\/wp\/v2\/product\/4301","targetHints":{"allow":["GET"]}}],"collection":[{"href":"https:\/\/exxotest.com\/es\/wp-json\/wp\/v2\/product"}],"about":[{"href":"https:\/\/exxotest.com\/es\/wp-json\/wp\/v2\/types\/product"}],"version-history":[{"count":1,"href":"https:\/\/exxotest.com\/es\/wp-json\/wp\/v2\/product\/4301\/revisions"}],"predecessor-version":[{"id":4303,"href":"https:\/\/exxotest.com\/es\/wp-json\/wp\/v2\/product\/4301\/revisions\/4303"}],"wp:attachment":[{"href":"https:\/\/exxotest.com\/es\/wp-json\/wp\/v2\/media?parent=4301"}],"wp:term":[{"taxonomy":"product_family","embeddable":true,"href":"https:\/\/exxotest.com\/es\/wp-json\/wp\/v2\/product_family?post=4301"},{"taxonomy":"product_category","embeddable":true,"href":"https:\/\/exxotest.com\/es\/wp-json\/wp\/v2\/product_category?post=4301"},{"taxonomy":"product_sector","embeddable":true,"href":"https:\/\/exxotest.com\/es\/wp-json\/wp\/v2\/product_sector?post=4301"}],"curies":[{"name":"wp","href":"https:\/\/api.w.org\/{rel}","templated":true}]}}