{"id":4329,"date":"2017-10-04T14:19:22","date_gmt":"2017-10-04T12:19:22","guid":{"rendered":"https:\/\/exxotest.com\/produits\/modulo-didactico-medicion-del-regimen-y-la-posicion-del-motor\/"},"modified":"2025-09-04T16:10:08","modified_gmt":"2025-09-04T14:10:08","slug":"modulo-didactico-medicion-del-regimen-y-la-posicion-del-motor","status":"publish","type":"product","link":"https:\/\/exxotest.com\/es\/produit\/modulo-didactico-medicion-del-regimen-y-la-posicion-del-motor\/","title":{"rendered":"M\u00f3dulo did\u00e1ctico: Medici\u00f3n del r\u00e9gimen y la posici\u00f3n del motor"},"content":{"rendered":"","protected":false},"featured_media":0,"template":"","product_family":[95,94],"product_category":[122],"product_sector":[90,96,97,98,99,92,91],"class_list":["post-4329","product","type-product","status-publish","hentry","product_family-centros-de-formacion","product_family-soluciones-educativas-mantenimiento-de-vehiculos-y-equipos","product_category-sensores-actuadores","product_sector-agricultura","product_sector-construccion-y-manipulacion","product_sector-moto","product_sector-navegacion","product_sector-parques-y-jardines","product_sector-turismos","product_sector-vehiculos-de-transporte"],"acf":[],"_links":{"self":[{"href":"https:\/\/exxotest.com\/es\/wp-json\/wp\/v2\/product\/4329","targetHints":{"allow":["GET"]}}],"collection":[{"href":"https:\/\/exxotest.com\/es\/wp-json\/wp\/v2\/product"}],"about":[{"href":"https:\/\/exxotest.com\/es\/wp-json\/wp\/v2\/types\/product"}],"version-history":[{"count":1,"href":"https:\/\/exxotest.com\/es\/wp-json\/wp\/v2\/product\/4329\/revisions"}],"predecessor-version":[{"id":4330,"href":"https:\/\/exxotest.com\/es\/wp-json\/wp\/v2\/product\/4329\/revisions\/4330"}],"wp:attachment":[{"href":"https:\/\/exxotest.com\/es\/wp-json\/wp\/v2\/media?parent=4329"}],"wp:term":[{"taxonomy":"product_family","embeddable":true,"href":"https:\/\/exxotest.com\/es\/wp-json\/wp\/v2\/product_family?post=4329"},{"taxonomy":"product_category","embeddable":true,"href":"https:\/\/exxotest.com\/es\/wp-json\/wp\/v2\/product_category?post=4329"},{"taxonomy":"product_sector","embeddable":true,"href":"https:\/\/exxotest.com\/es\/wp-json\/wp\/v2\/product_sector?post=4329"}],"curies":[{"name":"wp","href":"https:\/\/api.w.org\/{rel}","templated":true}]}}