{"id":4343,"date":"2017-10-04T14:19:15","date_gmt":"2017-10-04T12:19:15","guid":{"rendered":"https:\/\/exxotest.com\/produits\/unidad-de-control-electronico-tratamiento-de-la-informacion-conversion-analogica-digital\/"},"modified":"2025-09-04T16:10:11","modified_gmt":"2025-09-04T14:10:11","slug":"unidad-de-control-electronico-tratamiento-de-la-informacion-conversion-analogica-digital","status":"publish","type":"product","link":"https:\/\/exxotest.com\/es\/produit\/unidad-de-control-electronico-tratamiento-de-la-informacion-conversion-analogica-digital\/","title":{"rendered":"Unidad de control electr\u00f3nico: tratamiento de la informaci\u00f3n, conversi\u00f3n anal\u00f3gica\/digital"},"content":{"rendered":"","protected":false},"featured_media":0,"template":"","product_family":[95,94],"product_category":[122],"product_sector":[90,96,97,98,99,92,91],"class_list":["post-4343","product","type-product","status-publish","hentry","product_family-centros-de-formacion","product_family-soluciones-educativas-mantenimiento-de-vehiculos-y-equipos","product_category-sensores-actuadores","product_sector-agricultura","product_sector-construccion-y-manipulacion","product_sector-moto","product_sector-navegacion","product_sector-parques-y-jardines","product_sector-turismos","product_sector-vehiculos-de-transporte"],"acf":[],"_links":{"self":[{"href":"https:\/\/exxotest.com\/es\/wp-json\/wp\/v2\/product\/4343","targetHints":{"allow":["GET"]}}],"collection":[{"href":"https:\/\/exxotest.com\/es\/wp-json\/wp\/v2\/product"}],"about":[{"href":"https:\/\/exxotest.com\/es\/wp-json\/wp\/v2\/types\/product"}],"version-history":[{"count":1,"href":"https:\/\/exxotest.com\/es\/wp-json\/wp\/v2\/product\/4343\/revisions"}],"predecessor-version":[{"id":4344,"href":"https:\/\/exxotest.com\/es\/wp-json\/wp\/v2\/product\/4343\/revisions\/4344"}],"wp:attachment":[{"href":"https:\/\/exxotest.com\/es\/wp-json\/wp\/v2\/media?parent=4343"}],"wp:term":[{"taxonomy":"product_family","embeddable":true,"href":"https:\/\/exxotest.com\/es\/wp-json\/wp\/v2\/product_family?post=4343"},{"taxonomy":"product_category","embeddable":true,"href":"https:\/\/exxotest.com\/es\/wp-json\/wp\/v2\/product_category?post=4343"},{"taxonomy":"product_sector","embeddable":true,"href":"https:\/\/exxotest.com\/es\/wp-json\/wp\/v2\/product_sector?post=4343"}],"curies":[{"name":"wp","href":"https:\/\/api.w.org\/{rel}","templated":true}]}}