{"id":4346,"date":"2025-05-22T15:22:24","date_gmt":"2025-05-22T13:22:24","guid":{"rendered":"https:\/\/exxotest.com\/produits\/muxtrace-edu-aplicacion-de-analisis-de-redes-can-y-lin-diagnostico-sobre-can-k-l\/"},"modified":"2025-09-04T16:10:24","modified_gmt":"2025-09-04T14:10:24","slug":"muxtrace-edu-aplicacion-de-analisis-de-redes-can-y-lin-diagnostico-sobre-can-k-l","status":"publish","type":"product","link":"https:\/\/exxotest.com\/es\/produit\/muxtrace-edu-aplicacion-de-analisis-de-redes-can-y-lin-diagnostico-sobre-can-k-l\/","title":{"rendered":"MUXTRACE Edu &#8211; Aplicaci\u00f3n de an\u00e1lisis de redes CAN y LIN, Diagn\u00f3stico sobre CAN, K-L, &#8230;"},"content":{"rendered":"","protected":false},"featured_media":0,"template":"","product_family":[95,94],"product_category":[112],"product_sector":[90,96,97,92],"class_list":["post-4346","product","type-product","status-publish","hentry","product_family-centros-de-formacion","product_family-soluciones-educativas-mantenimiento-de-vehiculos-y-equipos","product_category-redes-multiplexadas","product_sector-agricultura","product_sector-construccion-y-manipulacion","product_sector-moto","product_sector-turismos"],"acf":[],"_links":{"self":[{"href":"https:\/\/exxotest.com\/es\/wp-json\/wp\/v2\/product\/4346","targetHints":{"allow":["GET"]}}],"collection":[{"href":"https:\/\/exxotest.com\/es\/wp-json\/wp\/v2\/product"}],"about":[{"href":"https:\/\/exxotest.com\/es\/wp-json\/wp\/v2\/types\/product"}],"version-history":[{"count":1,"href":"https:\/\/exxotest.com\/es\/wp-json\/wp\/v2\/product\/4346\/revisions"}],"predecessor-version":[{"id":4348,"href":"https:\/\/exxotest.com\/es\/wp-json\/wp\/v2\/product\/4346\/revisions\/4348"}],"wp:attachment":[{"href":"https:\/\/exxotest.com\/es\/wp-json\/wp\/v2\/media?parent=4346"}],"wp:term":[{"taxonomy":"product_family","embeddable":true,"href":"https:\/\/exxotest.com\/es\/wp-json\/wp\/v2\/product_family?post=4346"},{"taxonomy":"product_category","embeddable":true,"href":"https:\/\/exxotest.com\/es\/wp-json\/wp\/v2\/product_category?post=4346"},{"taxonomy":"product_sector","embeddable":true,"href":"https:\/\/exxotest.com\/es\/wp-json\/wp\/v2\/product_sector?post=4346"}],"curies":[{"name":"wp","href":"https:\/\/api.w.org\/{rel}","templated":true}]}}