{"id":4408,"date":"2017-10-04T14:19:43","date_gmt":"2017-10-04T12:19:43","guid":{"rendered":"https:\/\/exxotest.com\/produits\/modulos-de-alumbrado-y-senalizacion-toma-de-acoplamiento-del-remolque\/"},"modified":"2025-09-04T16:10:34","modified_gmt":"2025-09-04T14:10:34","slug":"modulos-de-alumbrado-y-senalizacion-toma-de-acoplamiento-del-remolque","status":"publish","type":"product","link":"https:\/\/exxotest.com\/es\/produit\/modulos-de-alumbrado-y-senalizacion-toma-de-acoplamiento-del-remolque\/","title":{"rendered":"M\u00f3dulos de alumbrado y se\u00f1alizaci\u00f3n Toma de acoplamiento del remolque"},"content":{"rendered":"","protected":false},"featured_media":0,"template":"","product_family":[95,94],"product_category":[131],"product_sector":[92],"class_list":["post-4408","product","type-product","status-publish","hentry","product_family-centros-de-formacion","product_family-soluciones-educativas-mantenimiento-de-vehiculos-y-equipos","product_category-electricidad","product_sector-turismos"],"acf":[],"_links":{"self":[{"href":"https:\/\/exxotest.com\/es\/wp-json\/wp\/v2\/product\/4408","targetHints":{"allow":["GET"]}}],"collection":[{"href":"https:\/\/exxotest.com\/es\/wp-json\/wp\/v2\/product"}],"about":[{"href":"https:\/\/exxotest.com\/es\/wp-json\/wp\/v2\/types\/product"}],"version-history":[{"count":1,"href":"https:\/\/exxotest.com\/es\/wp-json\/wp\/v2\/product\/4408\/revisions"}],"predecessor-version":[{"id":4409,"href":"https:\/\/exxotest.com\/es\/wp-json\/wp\/v2\/product\/4408\/revisions\/4409"}],"wp:attachment":[{"href":"https:\/\/exxotest.com\/es\/wp-json\/wp\/v2\/media?parent=4408"}],"wp:term":[{"taxonomy":"product_family","embeddable":true,"href":"https:\/\/exxotest.com\/es\/wp-json\/wp\/v2\/product_family?post=4408"},{"taxonomy":"product_category","embeddable":true,"href":"https:\/\/exxotest.com\/es\/wp-json\/wp\/v2\/product_category?post=4408"},{"taxonomy":"product_sector","embeddable":true,"href":"https:\/\/exxotest.com\/es\/wp-json\/wp\/v2\/product_sector?post=4408"}],"curies":[{"name":"wp","href":"https:\/\/api.w.org\/{rel}","templated":true}]}}