{"id":4537,"date":"2025-09-04T13:21:35","date_gmt":"2025-09-04T11:21:35","guid":{"rendered":"https:\/\/exxotest.com\/produit\/modelo-didactico-de-estudio-mecanico-de-un-motor-de-combustion\/"},"modified":"2025-09-05T12:35:18","modified_gmt":"2025-09-05T10:35:18","slug":"modelo-didactico-de-estudio-mecanico-de-un-motor-de-combustion","status":"publish","type":"product","link":"https:\/\/exxotest.com\/es\/produit\/modelo-didactico-de-estudio-mecanico-de-un-motor-de-combustion\/","title":{"rendered":"Modelo did\u00e1ctico de estudio mec\u00e1nico de un motor de combusti\u00f3n"},"content":{"rendered":"","protected":false},"featured_media":4419,"template":"","product_family":[95,94],"product_category":[121],"product_sector":[90,96,97,98,99,92,91],"class_list":["post-4537","product","type-product","status-publish","has-post-thumbnail","hentry","product_family-centros-de-formacion","product_family-soluciones-educativas-mantenimiento-de-vehiculos-y-equipos","product_category-motor-y-transmision","product_sector-agricultura","product_sector-construccion-y-manipulacion","product_sector-moto","product_sector-navegacion","product_sector-parques-y-jardines","product_sector-turismos","product_sector-vehiculos-de-transporte"],"acf":[],"_links":{"self":[{"href":"https:\/\/exxotest.com\/es\/wp-json\/wp\/v2\/product\/4537","targetHints":{"allow":["GET"]}}],"collection":[{"href":"https:\/\/exxotest.com\/es\/wp-json\/wp\/v2\/product"}],"about":[{"href":"https:\/\/exxotest.com\/es\/wp-json\/wp\/v2\/types\/product"}],"version-history":[{"count":1,"href":"https:\/\/exxotest.com\/es\/wp-json\/wp\/v2\/product\/4537\/revisions"}],"predecessor-version":[{"id":4539,"href":"https:\/\/exxotest.com\/es\/wp-json\/wp\/v2\/product\/4537\/revisions\/4539"}],"wp:featuredmedia":[{"embeddable":true,"href":"https:\/\/exxotest.com\/es\/wp-json\/wp\/v2\/media\/4419"}],"wp:attachment":[{"href":"https:\/\/exxotest.com\/es\/wp-json\/wp\/v2\/media?parent=4537"}],"wp:term":[{"taxonomy":"product_family","embeddable":true,"href":"https:\/\/exxotest.com\/es\/wp-json\/wp\/v2\/product_family?post=4537"},{"taxonomy":"product_category","embeddable":true,"href":"https:\/\/exxotest.com\/es\/wp-json\/wp\/v2\/product_category?post=4537"},{"taxonomy":"product_sector","embeddable":true,"href":"https:\/\/exxotest.com\/es\/wp-json\/wp\/v2\/product_sector?post=4537"}],"curies":[{"name":"wp","href":"https:\/\/api.w.org\/{rel}","templated":true}]}}